{"id":2010,"date":"2014-11-11T10:49:05","date_gmt":"2014-11-11T09:49:05","guid":{"rendered":"https:\/\/www.riby.pl\/strona-glowna\/"},"modified":"2018-01-21T12:00:02","modified_gmt":"2018-01-21T11:00:02","slug":"main-page","status":"publish","type":"page","link":"https:\/\/www.riby.pl\/en\/","title":{"rendered":"Wynajem motor\u00f3wek, wycieczki i rejsy motor\u00f3wkami RIBY.PL"},"content":{"rendered":"<p>https:\/\/www.riby.pl\/wp-content\/uploads\/2013\/02\/logoRIBY2014.png<\/p>\n<p>center<\/p>\n<p>curve down<\/p>\n<p>#2366a0<\/p>\n<p>#fff<\/p>\n<p>Comfortable chair<\/p>\n<div style=\"padding: 80px 9% 0 0;\">\n<h2 style=\"color: #143e70; padding-bottom: 20px;\"><strong>Why RIB?<\/strong><\/h2>\n<p><b>RIB<\/b>, \u00a0a pontoon motorboat with a rigid bottom, at sea it behaves just like an off-road car on land. Marinas of Gdynia, Gdansk and Sopot are full of such boats. RIBs are used in border guards, army, maritime rescue, and of course in companies like ours for example as an attraction during a corporate team-building event. RIB motorboating ensures unforgettable excitement and adrenaline rush.<\/p>\n<hr class=\"no_line\" style=\"margin: 0 auto 40px auto\"\/>\n\n<a class=\"button  button_size_2 button_theme\" href=\"https:\/\/www.riby.pl\/motorowki-rib\/\"     style=\"color:#353535;\"     title=\"\"><span class=\"button_label\">More about motorboats<\/span><\/a>\n\n<\/div>\n<p>justify<\/p>\n<p>no-repeat;center top;;<\/p>\n<p>https:\/\/www.riby.pl\/wp-content\/uploads\/2013\/02\/Ribcraft.png<\/p>\n<p>center<\/p>\n<p>40<\/p>\n<p>We use RIB motorboats from Ribcraft, Parker and Bombard. RIB motor boats are characterized by great power, guaranteeing fantastic fun on water. Here you will find a lot of information and ideas on spending time on the water and our possibilities related to motorboat sport:<\/p>\n<ul class=\"list_check\" style=\"color: #696969; line-height: 20px; margin-bottom: 5px;\">\n<li>rejsy cruises along the Gulf of Gda\u0144sk<\/li>\n<li>cruises along the Gulf of Puck<\/li>\n<li>Tri-City sightseeing from water taxi<\/li>\n<li>blown platforms towed behind motorboats<\/li>\n<li>water skiing<\/li>\n<li>watertaxi Gdynia, Gdansk, Sopot &#8211; Hel Peninsula (Jurata, Jastarnia, Hel)<\/li>\n<li>weakboard<\/li>\n<li>flyboard<\/li>\n<li>water security services<\/li>\n<li>sea rescue shows<\/li>\n<li>motorboat rental | Boat charter.<\/li>\n<\/ul>\n<p>justify<\/p>\n<p>no-repeat;center top;;<\/p>\n<p>So if you are planning your stay in Tri-City and you are wondering how to spend your time, renting \u00a0a motorboat in Sopot and cruise to Gdynia or Gdansk is an ideal proposition. The possibilities of boat cruises are endless. Depending on the time you want to spend on RIB we can plan what you can see and where you can go.<\/p>\n<p>Visit\u00a0<a href=\"https:\/\/wycieczki.riby.pl\" title=\"Trasy wycieczek szybk\u0105 motor\u00f3wk\u0105\" rel=\"\">https:\/\/wycieczki.riby.pl<\/a> and see places that you can admire from water during unforgettable RIB ride. The minimum time to rent a motorboat is an hour and that includes the time to get to Sopot or Gdansk (if that is your place of pickup).<\/p>\n<p><strong>Rent a RIB motorboat in Sopot, Gdynia or Gdansk and plan a cruise on the Gdansk Bay!<\/strong><\/p>\n<p>During summer Gdynia, Gdansk and Sopot and the beaches of the Hel Peninsula are full of potential customers. Great idea for unforgettable corporate team-building events are regattas. We can ensure their organization and security at the highest level.<\/p>\n<p>We also recommend advertising on floating billboards towed behind RIB.<\/p>\n<p>justify<\/p>\n<p>no-repeat;center top;;<\/p>\n<p>curve down<\/p>\n<p>#fff<\/p>\n<p>#143e70<\/p>\n<p>Co mo\u017cemy zaoferowa\u0107?<\/p>\n<h2 style=\"color: #3eaaf3; font-size: 33px;\"><strong>WHAT CAN WE OFFER?<\/strong><\/h2>\n<h1 style=\"color: #fff; font-size: 25px; margin-bottom: 0px;\">Because Watertaxi\u00a0is not everything!<\/h1>\n<p>center<\/p>\n<p>#143e70<\/p>\n<p>no-repeat;center top;;<\/p>\n<p>0px<\/p>\n<p>curve up<\/p>\n<p>#143e70<\/p>\n<p>#2366a0<\/p>\n<p>https:\/\/www.riby.pl\/wp-content\/uploads\/2013\/02\/watertaxi.png<\/p>\n<p>center<\/p>\n<h2><strong><span style=\"color: #3eaaf3;\">Water<\/span><br \/>\n<span style=\"color: #fff;\"> Taxi<\/span><\/strong><\/h2>\n<p style=\"color: #fff;\">WATER TAXI: Gdynia, Sopot, Gda\u0144sk &#8211; Hel Peninsula from Gda\u0144sk Bay (Cha\u0142upy, Jastarnia, Juarata, Hel) on RIB.<\/p>\n<a class=\"button  button_left button_size_2 button_theme\" href=\"http:\/\/www.riby.pl\/water-taxi\/\"     style=\"color:#353535;\"     title=\"\"><span class=\"button_icon\"><i class=\"icon-air\"  style=\"color:#353535!important;\" aria-hidden=\"true\"><\/i><\/span><span class=\"button_label\">Trasy WATERTAXI<\/span><\/a>\n\n<p>justify<\/p>\n<p>no-repeat;center top;;<\/p>\n<p>https:\/\/www.riby.pl\/wp-content\/uploads\/2013\/02\/ratownictwo-morskie.png<\/p>\n<p>center<\/p>\n<h2><strong><span style=\"color: #3eaaf3;\">Sea\u00a0<\/span><span style=\"color: #fff;\">rescue shows<\/span><\/strong><\/h2>\n<p style=\"color: #fff;\">After the recent events, we don\u2019t have to explain how important is the knowledge about behavior and survival at sea.<\/p>\n<a class=\"button  button_left button_size_2 button_theme\" href=\"https:\/\/www.riby.pl\/pokazy-ratownictwa-morskiego\/\"     style=\"color:#353535;\"     title=\"\"><span class=\"button_icon\"><i class=\"icon-air\"  style=\"color:#353535!important;\" aria-hidden=\"true\"><\/i><\/span><span class=\"button_label\">Wi\u0119cej o pokazach<\/span><\/a>\n\n<p>justify<\/p>\n<p>no-repeat;center top;;<\/p>\n<p>curve up<\/p>\n<p>#2366a0<\/p>\n<p>#143e70<\/p>\n<p>35eUcVs4B84<\/p>\n<p>frameborder=5<\/p>\n<p>278<\/p>\n<p>176<\/p>\n<h2><strong><span style=\"color: #3eaaf3;\">Gulf<\/span><br \/>\n<span style=\"color: #fff;\">tours<\/span><\/strong><\/h2>\n<p style=\"color: #fff;\">Seeing Tri-City from water is an unusual perspective and a huge part of the post-war history of Poland. It is worth to see this part of Poland and to feel adrenaline rush.<\/p>\n<a class=\"button  button_left button_size_2 button_theme\" href=\"https:\/\/www.riby.pl\/wycieczki-po-zatoce-gdanskiej\/\"     style=\"color:#353535;\"     title=\"\"><span class=\"button_icon\"><i class=\"icon-air\"  style=\"color:#353535!important;\" aria-hidden=\"true\"><\/i><\/span><span class=\"button_label\">Sprawd\u017a trasy wycieczek<\/span><\/a>\n\n<p>justify<\/p>\n<p>no-repeat;center top;;<\/p>\n<p>https:\/\/www.riby.pl\/wp-content\/uploads\/2013\/02\/regaty-dla-firm.png<\/p>\n<p>center<\/p>\n<h2><strong><span style=\"color: #3eaaf3;\">Regatta<\/span><br \/>\n<span style=\"color: #fff;\">for business<\/span><\/strong><\/h2>\n<p style=\"color: #fff;\">Corporate Regatta is a proposition for those who want to feel the power of the wind and organize a party with great marketing power.<\/p>\n<a class=\"button  button_left button_size_2 button_theme\" href=\"https:\/\/www.riby.pl\/regaty-dla-firm\/\"     style=\"color:#353535;\"     title=\"\"><span class=\"button_icon\"><i class=\"icon-air\"  style=\"color:#353535!important;\" aria-hidden=\"true\"><\/i><\/span><span class=\"button_label\">Wi\u0119cej o regatach<\/span><\/a>\n\n<p>justify<\/p>\n<p>no-repeat;center top;;<\/p>\n<p>curve down<\/p>\n<p>#143e70<\/p>\n<p>#2366a0<\/p>\n<p>https:\/\/www.riby.pl\/wp-content\/uploads\/2013\/02\/imprezy-plazowe.png<\/p>\n<p>center<\/p>\n<h2><strong><span style=\"color: #3eaaf3;\">Beach<\/span><br \/>\n<span style=\"color: #fff;\">events<\/span><\/strong><\/h2>\n<p style=\"color: #fff;\">You do not have to step into the water to spend fantastic time on the beach. Take a look at our beach party proposal.<\/p>\n<a class=\"button  button_left button_size_2 button_theme\" href=\"https:\/\/www.riby.pl\/imprezy-na-plazy\/\"     style=\"color:#353535;\"     title=\"\"><span class=\"button_icon\"><i class=\"icon-air\"  style=\"color:#353535!important;\" aria-hidden=\"true\"><\/i><\/span><span class=\"button_label\">Zobacz jak si\u0119 bawimy<\/span><\/a>\n\n<p>justify<\/p>\n<p>no-repeat;center top;;<\/p>\n<p>bkJJaaUkkPs<\/p>\n<p>278<\/p>\n<p>176<\/p>\n<h2><strong><span style=\"color: #3eaaf3;\">Sea<\/span><br \/>\n<span style=\"color: #fff;\">events<\/span><\/strong><\/h2>\n<p style=\"color: #fff;\">If you are looking for ideas to party on water, look no further. Great power equipment, excitement, wonderful experiences and memories. Brilliant idea for spring-summer time!<\/p>\n<a class=\"button  button_left button_size_2 button_theme\" href=\"https:\/\/www.riby.pl\/imprezy-na-wodzie\/\"     style=\"color:#353535;\"     title=\"\"><span class=\"button_icon\"><i class=\"icon-air\"  style=\"color:#353535!important;\" aria-hidden=\"true\"><\/i><\/span><span class=\"button_label\">Zobacz co mo\u017cna na wodzie<\/span><\/a>\n\n<p>justify<\/p>\n<p>no-repeat;center top;;<\/p>\n<p>curve up<\/p>\n<p>#2366a0<\/p>\n<p>#143e70<\/p>\n<p>https:\/\/www.riby.pl\/wp-content\/uploads\/2013\/02\/billboard-na-wodzie.png<\/p>\n<p>center<\/p>\n<h2><strong><span style=\"color: #3eaaf3;\">Floating<\/span><br \/>\n<span style=\"color: #fff;\"> billboards<\/span><\/strong><\/h2>\n<p style=\"color: #fff;\">If you want get the attention of the people relaxing on the beach and promote your product or service, be sure to rent our floating billboards.<\/p>\n<a class=\"button  button_left button_size_2 button_theme\" href=\"https:\/\/www.riby.pl\/plywajace-billboardy\/\"     style=\"color:#353535;\"     title=\"\"><span class=\"button_icon\"><i class=\"icon-air\"  style=\"color:#353535!important;\" aria-hidden=\"true\"><\/i><\/span><span class=\"button_label\">Reklama na wodzie<\/span><\/a>\n\n<p>justify<\/p>\n<p>no-repeat;center top;;<\/p>\n<p>https:\/\/www.riby.pl\/wp-content\/uploads\/2013\/02\/zimowy-rib-ride.png<\/p>\n<p>center<\/p>\n<h2><strong><span style=\"color: #3eaaf3;\">Winter<\/span><br \/>\n<span style=\"color: #fff;\"> RIB RIDE<\/span><\/strong><\/h2>\n<p style=\"color: #fff;\">Winter time on Polish sea is something unimaginable. And in Scandinavia on the other hand it\u2019s nothing strange.<\/p>\n<a class=\"button  button_left button_size_2 button_theme\" href=\"https:\/\/www.riby.pl\/zimowy-rib-ride\/\"     style=\"color:#353535;\"     title=\"\"><span class=\"button_icon\"><i class=\"icon-air\"  style=\"color:#353535!important;\" aria-hidden=\"true\"><\/i><\/span><span class=\"button_label\">Zimowa adrenalina<\/span><\/a>\n\n<p>justify<\/p>\n<p>no-repeat;center top;;<\/p>\n<p>curve up<\/p>\n<p>#143e70<\/p>\n<p>#2366a0<\/p>\n<p>https:\/\/www.riby.pl\/wp-content\/uploads\/2013\/02\/Trojmiasto-noca.jpg<\/p>\n<p>center<\/p>\n<h2><strong><span style=\"color: #3eaaf3;\">Tricity<\/span><br \/>\n<span style=\"color: #fff;\">at night<\/span><\/strong><\/h2>\n<p style=\"color: #fff;\">See the illuminated Tri-City by night from the water side and feel the magical atmosphere of the city. Alone at sea, away from crowds and noise. Complete silence &#8211; only the sound of waves, smell of the sea and the brilliant night view of Gdynia, Sopot and Gdansk.<\/p>\n<a class=\"button  button_left button_size_2 button_theme\" href=\"https:\/\/www.riby.pl\/kontakt\/\"     style=\"color:#353535;\"     title=\"\"><span class=\"button_icon\"><i class=\"icon-air\"  style=\"color:#353535!important;\" aria-hidden=\"true\"><\/i><\/span><span class=\"button_label\">Um\u00f3w si\u0119 na rejs<\/span><\/a>\n\n<p>justify<\/p>\n<p>no-repeat;center top;;<\/p>\n<p>curve down<\/p>\n<p>#2366a0<\/p>\n<p>#fff<\/p>\n<h2 style=\"color: #143e70;\"><strong>Marina Gdynia &#8211; here we are:<\/strong><\/h2>\n<p>no-repeat;center top;;<\/p>\n<p>54.517180<\/p>\n<p>18.553974<\/p>\n<p>15<\/p>\n<p>430<\/p>\n<p>ROADMAP<\/p>\n<p>Contact with us:<\/p>\n<p>+48 606 262 497<\/p>\n<p>kontakt@riby.pl<\/p>\n","protected":false},"excerpt":{"rendered":"<p>https:\/\/www.riby.pl\/wp-content\/uploads\/2013\/02\/logoRIBY2014.png center curve down #2366a0 #fff Comfortable chair Why RIB? RIB, \u00a0a pontoon motorboat with a rigid bottom, at sea it behaves just like an off-road<span class=\"excerpt-hellip\"> [\u2026]<\/span><\/p>\n","protected":false},"author":1,"featured_media":0,"parent":0,"menu_order":0,"comment_status":"closed","ping_status":"open","template":"","meta":{"footnotes":""},"class_list":["post-2010","page","type-page","status-publish","hentry"],"yoast_title":"Wynajem motor\u00f3wek, wycieczki i rejsy motor\u00f3wkami RIBY.PL","yoast_description":"RIBY.PL | Wynajem motor\u00f3wek RIB, rejsy i przeja\u017cd\u017cki motor\u00f3wkami, imprezy na wodzie, watertaxi. Wycieczki motor\u00f3wkami po Tr\u00f3jmie\u015bcie i Zatoce Gda\u0144skiej.","yoast_keyword":"wynajem motor\u00f3wek","yoast_head":"<!-- This site is optimized with the Yoast SEO plugin v26.9 - https:\/\/yoast.com\/product\/yoast-seo-wordpress\/ -->\n<title>Wynajem motor\u00f3wek, wycieczki i rejsy motor\u00f3wkami RIBY.PL<\/title>\n<meta name=\"description\" content=\"RIBY.PL | Wynajem motor\u00f3wek RIB, rejsy i przeja\u017cd\u017cki motor\u00f3wkami, imprezy na wodzie, watertaxi. Wycieczki motor\u00f3wkami po Tr\u00f3jmie\u015bcie i Zatoce Gda\u0144skiej.\" \/>\n<meta name=\"robots\" content=\"index, follow, max-snippet:-1, max-image-preview:large, max-video-preview:-1\" \/>\n<link rel=\"canonical\" href=\"https:\/\/www.riby.pl\/en\/\" \/>\n<meta property=\"og:locale\" content=\"en_US\" \/>\n<meta property=\"og:type\" content=\"article\" \/>\n<meta property=\"og:title\" content=\"Wynajem motor\u00f3wek, wycieczki i rejsy motor\u00f3wkami RIBY.PL\" \/>\n<meta property=\"og:description\" content=\"RIBY.PL | Wynajem motor\u00f3wek RIB, rejsy i przeja\u017cd\u017cki motor\u00f3wkami, imprezy na wodzie, watertaxi. Wycieczki motor\u00f3wkami po Tr\u00f3jmie\u015bcie i Zatoce Gda\u0144skiej.\" \/>\n<meta property=\"og:url\" content=\"https:\/\/www.riby.pl\/en\/\" \/>\n<meta property=\"og:site_name\" content=\"RIBY.PL | Rejsy i przeja\u017cd\u017cki motor\u00f3wkami. Wycieczki \u0142odzi\u0105 motorow\u0105\" \/>\n<meta property=\"article:publisher\" content=\"https:\/\/www.facebook.com\/ribypl\/\" \/>\n<meta property=\"article:modified_time\" content=\"2018-01-21T11:00:02+00:00\" \/>\n<meta name=\"twitter:label1\" content=\"Est. reading time\" \/>\n\t<meta name=\"twitter:data1\" content=\"5 minutes\" \/>\n<!-- \/ Yoast SEO plugin. -->","yoast_head_json":{"title":"Wynajem motor\u00f3wek, wycieczki i rejsy motor\u00f3wkami RIBY.PL","description":"RIBY.PL | Wynajem motor\u00f3wek RIB, rejsy i przeja\u017cd\u017cki motor\u00f3wkami, imprezy na wodzie, watertaxi. Wycieczki motor\u00f3wkami po Tr\u00f3jmie\u015bcie i Zatoce Gda\u0144skiej.","robots":{"index":"index","follow":"follow","max-snippet":"max-snippet:-1","max-image-preview":"max-image-preview:large","max-video-preview":"max-video-preview:-1"},"canonical":"https:\/\/www.riby.pl\/en\/","og_locale":"en_US","og_type":"article","og_title":"Wynajem motor\u00f3wek, wycieczki i rejsy motor\u00f3wkami RIBY.PL","og_description":"RIBY.PL | Wynajem motor\u00f3wek RIB, rejsy i przeja\u017cd\u017cki motor\u00f3wkami, imprezy na wodzie, watertaxi. Wycieczki motor\u00f3wkami po Tr\u00f3jmie\u015bcie i Zatoce Gda\u0144skiej.","og_url":"https:\/\/www.riby.pl\/en\/","og_site_name":"RIBY.PL | Rejsy i przeja\u017cd\u017cki motor\u00f3wkami. Wycieczki \u0142odzi\u0105 motorow\u0105","article_publisher":"https:\/\/www.facebook.com\/ribypl\/","article_modified_time":"2018-01-21T11:00:02+00:00","twitter_misc":{"Est. reading time":"5 minutes"},"schema":{"@context":"https:\/\/schema.org","@graph":[{"@type":"WebPage","@id":"https:\/\/www.riby.pl\/en\/","url":"https:\/\/www.riby.pl\/en\/","name":"Wynajem motor\u00f3wek, wycieczki i rejsy motor\u00f3wkami RIBY.PL","isPartOf":{"@id":"https:\/\/www.riby.pl\/en\/#website"},"datePublished":"2014-11-11T09:49:05+00:00","dateModified":"2018-01-21T11:00:02+00:00","description":"RIBY.PL | Wynajem motor\u00f3wek RIB, rejsy i przeja\u017cd\u017cki motor\u00f3wkami, imprezy na wodzie, watertaxi. Wycieczki motor\u00f3wkami po Tr\u00f3jmie\u015bcie i Zatoce Gda\u0144skiej.","breadcrumb":{"@id":"https:\/\/www.riby.pl\/en\/#breadcrumb"},"inLanguage":"en-US","potentialAction":[{"@type":"ReadAction","target":["https:\/\/www.riby.pl\/en\/"]}]},{"@type":"BreadcrumbList","@id":"https:\/\/www.riby.pl\/en\/#breadcrumb","itemListElement":[{"@type":"ListItem","position":1,"name":"Strona g\u0142\u00f3wna","item":"https:\/\/www.riby.pl\/en\/"},{"@type":"ListItem","position":2,"name":"Wynajem motor\u00f3wek, wycieczki i rejsy motor\u00f3wkami RIBY.PL"}]},{"@type":"WebSite","@id":"https:\/\/www.riby.pl\/en\/#website","url":"https:\/\/www.riby.pl\/en\/","name":"RIBY.PL | Rejsy i przeja\u017cd\u017cki motor\u00f3wkami. Wycieczki \u0142odzi\u0105 motorow\u0105","description":"","potentialAction":[{"@type":"SearchAction","target":{"@type":"EntryPoint","urlTemplate":"https:\/\/www.riby.pl\/en\/?s={search_term_string}"},"query-input":{"@type":"PropertyValueSpecification","valueRequired":true,"valueName":"search_term_string"}}],"inLanguage":"en-US"}]}},"_links":{"self":[{"href":"https:\/\/www.riby.pl\/en\/wp-json\/wp\/v2\/pages\/2010","targetHints":{"allow":["GET"]}}],"collection":[{"href":"https:\/\/www.riby.pl\/en\/wp-json\/wp\/v2\/pages"}],"about":[{"href":"https:\/\/www.riby.pl\/en\/wp-json\/wp\/v2\/types\/page"}],"author":[{"embeddable":true,"href":"https:\/\/www.riby.pl\/en\/wp-json\/wp\/v2\/users\/1"}],"replies":[{"embeddable":true,"href":"https:\/\/www.riby.pl\/en\/wp-json\/wp\/v2\/comments?post=2010"}],"version-history":[{"count":0,"href":"https:\/\/www.riby.pl\/en\/wp-json\/wp\/v2\/pages\/2010\/revisions"}],"wp:attachment":[{"href":"https:\/\/www.riby.pl\/en\/wp-json\/wp\/v2\/media?parent=2010"}],"curies":[{"name":"wp","href":"https:\/\/api.w.org\/{rel}","templated":true}]}}