{"id":2027,"date":"2013-02-08T17:31:08","date_gmt":"2013-02-08T16:31:08","guid":{"rendered":"https:\/\/www.riby.pl\/motorowki-rib\/wynajem-czarter-lodzi-motorowek\/"},"modified":"2017-04-27T20:37:40","modified_gmt":"2017-04-27T18:37:40","slug":"rent-or-charter","status":"publish","type":"page","link":"https:\/\/www.riby.pl\/en\/motorowki-rib\/rent-or-charter\/","title":{"rendered":"Wynajem motor\u00f3wek, czy czarter \u0142odzi?"},"content":{"rendered":"<p style=\"text-align: justify;\"><img loading=\"lazy\" decoding=\"async\" class=\"alignleft size-full wp-image-1709\" style=\"margin: 20px;\" title=\"Wynajem motor\u00f3wek | czarter motor\u00f3wek\" src=\"https:\/\/www.riby.pl\/wp-content\/uploads\/2013\/02\/czarter.jpg\" alt=\"Wynajem motor\u00f3wek | czarter motor\u00f3wek\" width=\"200\" height=\"150\" srcset=\"https:\/\/www.riby.pl\/wp-content\/uploads\/2013\/02\/czarter.jpg 200w, https:\/\/www.riby.pl\/wp-content\/uploads\/2013\/02\/czarter-195x146.jpg 195w, https:\/\/www.riby.pl\/wp-content\/uploads\/2013\/02\/czarter-50x38.jpg 50w, https:\/\/www.riby.pl\/wp-content\/uploads\/2013\/02\/czarter-100x75.jpg 100w\" sizes=\"auto, (max-width:767px) 200px, 200px\" \/><span style=\"color: #ffffff;\">Let&#8217;s start with the fact that<strong><a href=\"\/?p=982\"> motor boat<\/a><\/strong>, yacht and boat rental is a typically inland term. At the sea we use charter and it means hiring a floating equipment.<br \/> Charter can be rented under different conditions, which are dictated by the power required for chartering the boat and the size of the boat and the power of the engine.<br \/>\n<img loading=\"lazy\" decoding=\"async\" class=\"alignright wp-image-1759 size-medium\" src=\"https:\/\/www.riby.pl\/wp-content\/uploads\/2013\/02\/DSCF2398-300x225.jpg\" alt=\"Przygotowania do przeja\u017cd\u017cki motor\u00f3wk\u0105 RIB w Gdyni\" width=\"300\" height=\"225\" srcset=\"https:\/\/www.riby.pl\/wp-content\/uploads\/2013\/02\/DSCF2398-300x225.jpg 300w, https:\/\/www.riby.pl\/wp-content\/uploads\/2013\/02\/DSCF2398-200x150.jpg 200w, https:\/\/www.riby.pl\/wp-content\/uploads\/2013\/02\/DSCF2398-195x146.jpg 195w, https:\/\/www.riby.pl\/wp-content\/uploads\/2013\/02\/DSCF2398-50x38.jpg 50w, https:\/\/www.riby.pl\/wp-content\/uploads\/2013\/02\/DSCF2398-100x75.jpg 100w, https:\/\/www.riby.pl\/wp-content\/uploads\/2013\/02\/DSCF2398.jpg 640w\" sizes=\"auto, (max-width:767px) 300px, 300px\" \/><\/span><\/p>\n<h2 style=\"font-size: 18px; color: #ffffff; line-height: 20px;\">Our company offers RIB motorboat rental <\/h2>\n<p style=\"text-align: justify;\"><span style=\"color: #ffffff;\">only with service and helmsman. This is due to the fact that we only swim professionally prepared boats with more power engines. Boats without a helmsman would mean too much risk.<\/span><\/p>\n<p style=\"text-align: justify;\"><span style=\"color: #ffffff;\"We charter motorboats for a minimum of one hour. The cost each time is set individually and it includes charter, helmsman's salary and fuel cost.<\/span><\/span><\/p>\n<p style=\"text-align: justify;\"><span style=\"color: #ffffff;\">Charter time starts from the moment we leave the marina in Gdynia. When it comes to trips outside Tri City, we separately determine the cost of transport equipment.<\/span><\/p>\n<p style=\"text-align: justify;\"><span style=\"color: #ffffff;\">If you have any questions, feel free to contact us.<\/span><\/p>\n","protected":false},"excerpt":{"rendered":"<p>Let&#8217;s start with the fact that motor boat, yacht and boat rental is a typically inland term. At the sea we use charter and it means<span class=\"excerpt-hellip\"> [\u2026]<\/span><\/p>\n","protected":false},"author":1,"featured_media":0,"parent":2019,"menu_order":0,"comment_status":"closed","ping_status":"open","template":"","meta":{"footnotes":""},"class_list":["post-2027","page","type-page","status-publish","hentry"],"yoast_title":"Wynajem czy czarter \u0142odzi motorowych | RIBY.PL Rejsy motor\u00f3wkami","yoast_description":"Wynajem motor\u00f3wek RIB jedynie wraz z obs\u0142ug\u0105 i sternikiem. Wynika to z faktu, i\u017c p\u0142ywamy profesjonalnie przygotowanymi \u0142odziami z wi\u0119ksz\u0105 moc\u0105 silnik\u00f3w.","yoast_keyword":"wynajem motor\u00f3wek","yoast_head":"<!-- This site is optimized with the Yoast SEO plugin v26.9 - https:\/\/yoast.com\/product\/yoast-seo-wordpress\/ -->\n<title>Wynajem czy czarter \u0142odzi motorowych | RIBY.PL Rejsy motor\u00f3wkami<\/title>\n<meta name=\"description\" content=\"Wynajem motor\u00f3wek RIB jedynie wraz z obs\u0142ug\u0105 i sternikiem. Wynika to z faktu, i\u017c p\u0142ywamy profesjonalnie przygotowanymi \u0142odziami z wi\u0119ksz\u0105 moc\u0105 silnik\u00f3w.\" \/>\n<meta name=\"robots\" content=\"index, follow, max-snippet:-1, max-image-preview:large, max-video-preview:-1\" \/>\n<link rel=\"canonical\" href=\"https:\/\/www.riby.pl\/en\/motorowki-rib\/rent-or-charter\/\" \/>\n<meta property=\"og:locale\" content=\"en_US\" \/>\n<meta property=\"og:type\" content=\"article\" \/>\n<meta property=\"og:title\" content=\"Wynajem czy czarter \u0142odzi motorowych | RIBY.PL Rejsy motor\u00f3wkami\" \/>\n<meta property=\"og:description\" content=\"Wynajem motor\u00f3wek RIB jedynie wraz z obs\u0142ug\u0105 i sternikiem. Wynika to z faktu, i\u017c p\u0142ywamy profesjonalnie przygotowanymi \u0142odziami z wi\u0119ksz\u0105 moc\u0105 silnik\u00f3w.\" \/>\n<meta property=\"og:url\" content=\"https:\/\/www.riby.pl\/en\/motorowki-rib\/rent-or-charter\/\" \/>\n<meta property=\"og:site_name\" content=\"RIBY.PL | Rejsy i przeja\u017cd\u017cki motor\u00f3wkami. Wycieczki \u0142odzi\u0105 motorow\u0105\" \/>\n<meta property=\"article:publisher\" content=\"https:\/\/www.facebook.com\/ribypl\/\" \/>\n<meta property=\"article:modified_time\" content=\"2017-04-27T18:37:40+00:00\" \/>\n<meta property=\"og:image\" content=\"https:\/\/www.riby.pl\/wp-content\/uploads\/2013\/02\/czarter.jpg\" \/>\n<!-- \/ Yoast SEO plugin. -->","yoast_head_json":{"title":"Wynajem czy czarter \u0142odzi motorowych | RIBY.PL Rejsy motor\u00f3wkami","description":"Wynajem motor\u00f3wek RIB jedynie wraz z obs\u0142ug\u0105 i sternikiem. Wynika to z faktu, i\u017c p\u0142ywamy profesjonalnie przygotowanymi \u0142odziami z wi\u0119ksz\u0105 moc\u0105 silnik\u00f3w.","robots":{"index":"index","follow":"follow","max-snippet":"max-snippet:-1","max-image-preview":"max-image-preview:large","max-video-preview":"max-video-preview:-1"},"canonical":"https:\/\/www.riby.pl\/en\/motorowki-rib\/rent-or-charter\/","og_locale":"en_US","og_type":"article","og_title":"Wynajem czy czarter \u0142odzi motorowych | RIBY.PL Rejsy motor\u00f3wkami","og_description":"Wynajem motor\u00f3wek RIB jedynie wraz z obs\u0142ug\u0105 i sternikiem. Wynika to z faktu, i\u017c p\u0142ywamy profesjonalnie przygotowanymi \u0142odziami z wi\u0119ksz\u0105 moc\u0105 silnik\u00f3w.","og_url":"https:\/\/www.riby.pl\/en\/motorowki-rib\/rent-or-charter\/","og_site_name":"RIBY.PL | Rejsy i przeja\u017cd\u017cki motor\u00f3wkami. Wycieczki \u0142odzi\u0105 motorow\u0105","article_publisher":"https:\/\/www.facebook.com\/ribypl\/","article_modified_time":"2017-04-27T18:37:40+00:00","og_image":[{"url":"https:\/\/www.riby.pl\/wp-content\/uploads\/2013\/02\/czarter.jpg","type":"","width":"","height":""}],"schema":{"@context":"https:\/\/schema.org","@graph":[{"@type":"WebPage","@id":"https:\/\/www.riby.pl\/en\/motorowki-rib\/rent-or-charter\/","url":"https:\/\/www.riby.pl\/en\/motorowki-rib\/rent-or-charter\/","name":"Wynajem czy czarter \u0142odzi motorowych | RIBY.PL Rejsy motor\u00f3wkami","isPartOf":{"@id":"https:\/\/www.riby.pl\/en\/#website"},"primaryImageOfPage":{"@id":"https:\/\/www.riby.pl\/en\/motorowki-rib\/rent-or-charter\/#primaryimage"},"image":{"@id":"https:\/\/www.riby.pl\/en\/motorowki-rib\/rent-or-charter\/#primaryimage"},"thumbnailUrl":"https:\/\/www.riby.pl\/wp-content\/uploads\/2013\/02\/czarter.jpg","datePublished":"2013-02-08T16:31:08+00:00","dateModified":"2017-04-27T18:37:40+00:00","description":"Wynajem motor\u00f3wek RIB jedynie wraz z obs\u0142ug\u0105 i sternikiem. Wynika to z faktu, i\u017c p\u0142ywamy profesjonalnie przygotowanymi \u0142odziami z wi\u0119ksz\u0105 moc\u0105 silnik\u00f3w.","breadcrumb":{"@id":"https:\/\/www.riby.pl\/en\/motorowki-rib\/rent-or-charter\/#breadcrumb"},"inLanguage":"en-US","potentialAction":[{"@type":"ReadAction","target":["https:\/\/www.riby.pl\/en\/motorowki-rib\/rent-or-charter\/"]}]},{"@type":"ImageObject","inLanguage":"en-US","@id":"https:\/\/www.riby.pl\/en\/motorowki-rib\/rent-or-charter\/#primaryimage","url":"https:\/\/www.riby.pl\/wp-content\/uploads\/2013\/02\/czarter.jpg","contentUrl":"https:\/\/www.riby.pl\/wp-content\/uploads\/2013\/02\/czarter.jpg"},{"@type":"BreadcrumbList","@id":"https:\/\/www.riby.pl\/en\/motorowki-rib\/rent-or-charter\/#breadcrumb","itemListElement":[{"@type":"ListItem","position":1,"name":"Strona g\u0142\u00f3wna","item":"https:\/\/www.riby.pl\/en\/"},{"@type":"ListItem","position":2,"name":"why-rib","item":"https:\/\/www.riby.pl\/en\/motorowki-rib\/"},{"@type":"ListItem","position":3,"name":"Wynajem motor\u00f3wek, czy czarter \u0142odzi?"}]},{"@type":"WebSite","@id":"https:\/\/www.riby.pl\/en\/#website","url":"https:\/\/www.riby.pl\/en\/","name":"RIBY.PL | Rejsy i przeja\u017cd\u017cki motor\u00f3wkami. Wycieczki \u0142odzi\u0105 motorow\u0105","description":"","potentialAction":[{"@type":"SearchAction","target":{"@type":"EntryPoint","urlTemplate":"https:\/\/www.riby.pl\/en\/?s={search_term_string}"},"query-input":{"@type":"PropertyValueSpecification","valueRequired":true,"valueName":"search_term_string"}}],"inLanguage":"en-US"}]}},"_links":{"self":[{"href":"https:\/\/www.riby.pl\/en\/wp-json\/wp\/v2\/pages\/2027","targetHints":{"allow":["GET"]}}],"collection":[{"href":"https:\/\/www.riby.pl\/en\/wp-json\/wp\/v2\/pages"}],"about":[{"href":"https:\/\/www.riby.pl\/en\/wp-json\/wp\/v2\/types\/page"}],"author":[{"embeddable":true,"href":"https:\/\/www.riby.pl\/en\/wp-json\/wp\/v2\/users\/1"}],"replies":[{"embeddable":true,"href":"https:\/\/www.riby.pl\/en\/wp-json\/wp\/v2\/comments?post=2027"}],"version-history":[{"count":0,"href":"https:\/\/www.riby.pl\/en\/wp-json\/wp\/v2\/pages\/2027\/revisions"}],"up":[{"embeddable":true,"href":"https:\/\/www.riby.pl\/en\/wp-json\/wp\/v2\/pages\/2019"}],"wp:attachment":[{"href":"https:\/\/www.riby.pl\/en\/wp-json\/wp\/v2\/media?parent=2027"}],"curies":[{"name":"wp","href":"https:\/\/api.w.org\/{rel}","templated":true}]}}