{"id":2044,"date":"2016-03-04T19:18:31","date_gmt":"2016-03-04T18:18:31","guid":{"rendered":"https:\/\/www.riby.pl\/water-taxi\/"},"modified":"2017-04-27T20:40:30","modified_gmt":"2017-04-27T18:40:30","slug":"water-taxi","status":"publish","type":"page","link":"https:\/\/www.riby.pl\/en\/water-taxi\/","title":{"rendered":"Water taxi"},"content":{"rendered":"<p>curve down<\/p>\n<p>#2366a0<\/p>\n<p>#143e70<\/p>\n<p>Czas wakacji jest zmor\u0105 dla turyst\u00f3w chc\u0105cych szybko dotrze\u0107 na P\u00f3\u0142wysep Helski, poniewa\u017c przez korki podr\u00f3\u017c z Tr\u00f3jmiasta do Jastarni, Juraty, czy Helu potrwa\u0107 mo\u017ce ponad cztery godziny!!<\/p>\n<p>Tramwaj wodny \u2013 w zale\u017cno\u015bci sk\u0105d wyp\u0142ywa, p\u0142ynie przynajmniej 1,5 godziny, rusza o \u015bci\u015ble okre\u015blonych godzinach i dociera do dw\u00f3ch port\u00f3w \u2013 nie zawsze odpowiadaj\u0105cych.<\/p>\n<h2 style=\"color: #3eaaf3; font-size: 20px;\"><strong>ROZWI\u0104ZANIEM JEST NASZA PROPOZYCJA \u2013 WATERTAXI!!!<\/strong><\/h2>\n<p>Nasze motor\u00f3wki RIB stacjonuj\u0105 w gdy\u0144skiej marinie, sk\u0105d na drug\u0105 ston\u0119 zatoki docieramy w czasie oko\u0142o 30 minut i w ka\u017cde miejsce. Brak portu, mariny, czy mola nie jest problemem.<\/p>\n<p>Je\u017celi szukasz w\u0142a\u015bnie us\u0142ug wodnego taxi , wystarczy do nas zadzwoni\u0107 i um\u00f3wi\u0107 si\u0119 na konkretn\u0105 godzin\u0119 w Gdyni, b\u0105d\u017a w miejscu w kt\u00f3rym obecnie wypoczywasz.<\/p>\n<p>Warto pami\u0119ta\u0107, i\u017c na P\u00f3\u0142wysep Helski najszybciej dotrzemy z Gdyni. Tutaj te\u017c bez problemu mo\u017cna zostawi\u0107 samoch\u00f3d \u2013 na parkingu ko\u0142o mariny, b\u0105d\u017a na strze\u017conym parkingu przy Hotelu Gdynia \u2013 5 min spacerem od mariny. W Sopocie i Gda\u0144sku s\u0105 du\u017ce problemy z zaparkowaniem auta. W s\u0142awnym kurorcie, \u017ceby wsi\u0105\u015b\u0107 do motor\u00f3wki trzeba jeszcze pokona\u0107 najd\u0142u\u017csze molo w Europie.<\/p>\n<p>Wi\u0119c je\u015bli szkoda Ci czasu na korki i chcesz jak najszybciej znale\u017a\u0107 si\u0119 na najpi\u0119kniejszej pla\u017cy w tej cz\u0119\u015bci Europy zapraszamy do kontaktu!!<\/p>\n<p>justify<\/p>\n<p>no-repeat;center top;;<\/p>\n<p>bialy<\/p>\n<p>https:\/\/www.riby.pl\/wp-content\/uploads\/2013\/02\/watertaxi.jpg<\/p>\n<p>center<\/p>\n<p>40<\/p>\n<p>curve up<\/p>\n<p>#143e70<\/p>\n<p>#fff<\/p>\n<p>W r\u00f3\u017cnych miejscach<\/p>\n<p>P\u0142ywamy tam, gdzie nie ma strefy ciszy,<\/p>\n<p>icon-globe<\/p>\n<p>top<\/p>\n<p>niebieski<\/p>\n<p>Zapewniamy adrenalin\u0119<\/p>\n<p>Wystarczy, \u017ce na Zatoce b\u0119dzie lekka fala!<\/p>\n<p>icon-flash<\/p>\n<p>top<\/p>\n<p>niebieski<\/p>\n<p>Wspania\u0142e widoki<\/p>\n<p>Z perspektywy wody wychodz\u0105 \u015bwietne zdj\u0119cia.<\/p>\n<p>icon-instagram<\/p>\n<p>top<\/p>\n<p>niebieski<\/p>\n<p>Dostosujemy czas<\/p>\n<p>Trasy dobieramy pod potrzeby klient\u00f3w.<\/p>\n<p>icon-clock-line<\/p>\n<p>top<\/p>\n<p>niebieski<\/p>\n<p>circle up<\/p>\n<p>#fff<\/p>\n<p>#2366a0<\/p>\n","protected":false},"excerpt":{"rendered":"<p>curve down #2366a0 #143e70 Czas wakacji jest zmor\u0105 dla turyst\u00f3w chc\u0105cych szybko dotrze\u0107 na P\u00f3\u0142wysep Helski, poniewa\u017c przez korki podr\u00f3\u017c z Tr\u00f3jmiasta do Jastarni, Juraty, czy<span class=\"excerpt-hellip\"> [\u2026]<\/span><\/p>\n","protected":false},"author":1,"featured_media":0,"parent":0,"menu_order":0,"comment_status":"closed","ping_status":"closed","template":"","meta":{"footnotes":""},"class_list":["post-2044","page","type-page","status-publish","hentry"],"yoast_title":"Water taxi | Rejs motor\u00f3wk\u0105 skraca czas podr\u00f3\u017cy z Tr\u00f3jmiasta","yoast_description":"Wynaj\u0119cie i rejs motor\u00f3wk\u0105 skraca czas podr\u00f3\u017cy z Tr\u00f3jmiasta na P\u00f3\u0142wysep Helski. Z Gdyni na Hel w 20 minut, zamiast kilku godzin! Wynajmij motor\u00f3wk\u0119\/","yoast_keyword":"water taxi","yoast_head":"<!-- This site is optimized with the Yoast SEO plugin v26.9 - https:\/\/yoast.com\/product\/yoast-seo-wordpress\/ -->\n<title>Water taxi | Rejs motor\u00f3wk\u0105 skraca czas podr\u00f3\u017cy z Tr\u00f3jmiasta<\/title>\n<meta name=\"description\" content=\"Wynaj\u0119cie i rejs motor\u00f3wk\u0105 skraca czas podr\u00f3\u017cy z Tr\u00f3jmiasta na P\u00f3\u0142wysep Helski. Z Gdyni na Hel w 20 minut, zamiast kilku godzin! Wynajmij motor\u00f3wk\u0119\/\" \/>\n<meta name=\"robots\" content=\"index, follow, max-snippet:-1, max-image-preview:large, max-video-preview:-1\" \/>\n<link rel=\"canonical\" href=\"https:\/\/www.riby.pl\/en\/water-taxi\/\" \/>\n<meta property=\"og:locale\" content=\"en_US\" \/>\n<meta property=\"og:type\" content=\"article\" \/>\n<meta property=\"og:title\" content=\"Water taxi | Rejs motor\u00f3wk\u0105 skraca czas podr\u00f3\u017cy z Tr\u00f3jmiasta\" \/>\n<meta property=\"og:description\" content=\"Wynaj\u0119cie i rejs motor\u00f3wk\u0105 skraca czas podr\u00f3\u017cy z Tr\u00f3jmiasta na P\u00f3\u0142wysep Helski. Z Gdyni na Hel w 20 minut, zamiast kilku godzin! Wynajmij motor\u00f3wk\u0119\/\" \/>\n<meta property=\"og:url\" content=\"https:\/\/www.riby.pl\/en\/water-taxi\/\" \/>\n<meta property=\"og:site_name\" content=\"RIBY.PL | Rejsy i przeja\u017cd\u017cki motor\u00f3wkami. Wycieczki \u0142odzi\u0105 motorow\u0105\" \/>\n<meta property=\"article:publisher\" content=\"https:\/\/www.facebook.com\/ribypl\/\" \/>\n<meta property=\"article:modified_time\" content=\"2017-04-27T18:40:30+00:00\" \/>\n<meta name=\"twitter:label1\" content=\"Est. reading time\" \/>\n\t<meta name=\"twitter:data1\" content=\"2 minutes\" \/>\n<!-- \/ Yoast SEO plugin. -->","yoast_head_json":{"title":"Water taxi | Rejs motor\u00f3wk\u0105 skraca czas podr\u00f3\u017cy z Tr\u00f3jmiasta","description":"Wynaj\u0119cie i rejs motor\u00f3wk\u0105 skraca czas podr\u00f3\u017cy z Tr\u00f3jmiasta na P\u00f3\u0142wysep Helski. Z Gdyni na Hel w 20 minut, zamiast kilku godzin! Wynajmij motor\u00f3wk\u0119\/","robots":{"index":"index","follow":"follow","max-snippet":"max-snippet:-1","max-image-preview":"max-image-preview:large","max-video-preview":"max-video-preview:-1"},"canonical":"https:\/\/www.riby.pl\/en\/water-taxi\/","og_locale":"en_US","og_type":"article","og_title":"Water taxi | Rejs motor\u00f3wk\u0105 skraca czas podr\u00f3\u017cy z Tr\u00f3jmiasta","og_description":"Wynaj\u0119cie i rejs motor\u00f3wk\u0105 skraca czas podr\u00f3\u017cy z Tr\u00f3jmiasta na P\u00f3\u0142wysep Helski. Z Gdyni na Hel w 20 minut, zamiast kilku godzin! Wynajmij motor\u00f3wk\u0119\/","og_url":"https:\/\/www.riby.pl\/en\/water-taxi\/","og_site_name":"RIBY.PL | Rejsy i przeja\u017cd\u017cki motor\u00f3wkami. Wycieczki \u0142odzi\u0105 motorow\u0105","article_publisher":"https:\/\/www.facebook.com\/ribypl\/","article_modified_time":"2017-04-27T18:40:30+00:00","twitter_misc":{"Est. reading time":"2 minutes"},"schema":{"@context":"https:\/\/schema.org","@graph":[{"@type":"WebPage","@id":"https:\/\/www.riby.pl\/en\/water-taxi\/","url":"https:\/\/www.riby.pl\/en\/water-taxi\/","name":"Water taxi | Rejs motor\u00f3wk\u0105 skraca czas podr\u00f3\u017cy z Tr\u00f3jmiasta","isPartOf":{"@id":"https:\/\/www.riby.pl\/en\/#website"},"datePublished":"2016-03-04T18:18:31+00:00","dateModified":"2017-04-27T18:40:30+00:00","description":"Wynaj\u0119cie i rejs motor\u00f3wk\u0105 skraca czas podr\u00f3\u017cy z Tr\u00f3jmiasta na P\u00f3\u0142wysep Helski. Z Gdyni na Hel w 20 minut, zamiast kilku godzin! Wynajmij motor\u00f3wk\u0119\/","breadcrumb":{"@id":"https:\/\/www.riby.pl\/en\/water-taxi\/#breadcrumb"},"inLanguage":"en-US","potentialAction":[{"@type":"ReadAction","target":["https:\/\/www.riby.pl\/en\/water-taxi\/"]}]},{"@type":"BreadcrumbList","@id":"https:\/\/www.riby.pl\/en\/water-taxi\/#breadcrumb","itemListElement":[{"@type":"ListItem","position":1,"name":"Strona g\u0142\u00f3wna","item":"https:\/\/www.riby.pl\/en\/"},{"@type":"ListItem","position":2,"name":"Water taxi"}]},{"@type":"WebSite","@id":"https:\/\/www.riby.pl\/en\/#website","url":"https:\/\/www.riby.pl\/en\/","name":"RIBY.PL | Rejsy i przeja\u017cd\u017cki motor\u00f3wkami. Wycieczki \u0142odzi\u0105 motorow\u0105","description":"","potentialAction":[{"@type":"SearchAction","target":{"@type":"EntryPoint","urlTemplate":"https:\/\/www.riby.pl\/en\/?s={search_term_string}"},"query-input":{"@type":"PropertyValueSpecification","valueRequired":true,"valueName":"search_term_string"}}],"inLanguage":"en-US"}]}},"_links":{"self":[{"href":"https:\/\/www.riby.pl\/en\/wp-json\/wp\/v2\/pages\/2044","targetHints":{"allow":["GET"]}}],"collection":[{"href":"https:\/\/www.riby.pl\/en\/wp-json\/wp\/v2\/pages"}],"about":[{"href":"https:\/\/www.riby.pl\/en\/wp-json\/wp\/v2\/types\/page"}],"author":[{"embeddable":true,"href":"https:\/\/www.riby.pl\/en\/wp-json\/wp\/v2\/users\/1"}],"replies":[{"embeddable":true,"href":"https:\/\/www.riby.pl\/en\/wp-json\/wp\/v2\/comments?post=2044"}],"version-history":[{"count":0,"href":"https:\/\/www.riby.pl\/en\/wp-json\/wp\/v2\/pages\/2044\/revisions"}],"wp:attachment":[{"href":"https:\/\/www.riby.pl\/en\/wp-json\/wp\/v2\/media?parent=2044"}],"curies":[{"name":"wp","href":"https:\/\/api.w.org\/{rel}","templated":true}]}}