{"id":2048,"date":"2013-02-04T14:50:22","date_gmt":"2013-02-04T13:50:22","guid":{"rendered":"https:\/\/www.riby.pl\/imprezy-na-wodzie\/"},"modified":"2017-04-27T20:38:31","modified_gmt":"2017-04-27T18:38:31","slug":"sea-events","status":"publish","type":"page","link":"https:\/\/www.riby.pl\/en\/sea-events\/","title":{"rendered":"Imprezy na wodzie"},"content":{"rendered":"<p style=\"text-align: justify;\">These kind of\u00a0<a href=\"https:\/\/www.riby.pl\/imprezy-integracyjne\/\">events\u00a0<\/a>\u00a0that we propose depend on the size of the group, the time available, and the budget. We always prepare events so that all participants are always involved and at the appointed time have the opportunity to try all prepared attractions.<\/p>\n<p>For larger groups, we combine sea events with beach parties.<\/p>\n<p>Sea events attractions:<\/p>\n<ul>\n<li><strong>RIB ride<\/strong><\/li>\n<li>platforms towed behind motorboats (<strong>banana<\/strong>, big wheel)<\/li>\n<li><strong>water ski<\/strong>, weakboard, <strong>flyboard<\/strong><\/li>\n<li>Water scooters<\/li>\n<li>parachute towed behind a motorboat &#8211; parasailing<\/li>\n<li>TopCat <strong>catamarans<\/strong><\/li>\n<li>vintage yachts with shanties on board<\/li>\n<li><strong>watertaxi<\/strong><\/li>\n<li>sailboats \u2013 regattas<\/li>\n<\/ul>\n","protected":false},"excerpt":{"rendered":"<p>These kind of\u00a0events\u00a0\u00a0that we propose depend on the size of the group, the time available, and the budget. We always prepare events so that all participants<span class=\"excerpt-hellip\"> [\u2026]<\/span><\/p>\n","protected":false},"author":1,"featured_media":0,"parent":0,"menu_order":0,"comment_status":"closed","ping_status":"open","template":"","meta":{"footnotes":""},"class_list":["post-2048","page","type-page","status-publish","hentry"],"yoast_title":"Imprezy na wodzie | Szybkie \u0142odzie motorowe, skutery, katamarany","yoast_description":"Przeja\u017cd\u017cki motor\u00f3wkami, platformy holowane za motor\u00f3wkami, narty wodne, skutery wodne, spadochron holowany za motor\u00f3wk\u0105 \u2013 parasailing, katamarany TopCat.","yoast_keyword":"Imprezy na wodzie","yoast_head":"<!-- This site is optimized with the Yoast SEO plugin v26.9 - https:\/\/yoast.com\/product\/yoast-seo-wordpress\/ -->\n<title>Imprezy na wodzie | Szybkie \u0142odzie motorowe, skutery, katamarany<\/title>\n<meta name=\"description\" content=\"Przeja\u017cd\u017cki motor\u00f3wkami, platformy holowane za motor\u00f3wkami, narty wodne, skutery wodne, spadochron holowany za motor\u00f3wk\u0105 \u2013 parasailing, katamarany TopCat.\" \/>\n<meta name=\"robots\" content=\"index, follow, max-snippet:-1, max-image-preview:large, max-video-preview:-1\" \/>\n<link rel=\"canonical\" href=\"https:\/\/www.riby.pl\/en\/sea-events\/\" \/>\n<meta property=\"og:locale\" content=\"en_US\" \/>\n<meta property=\"og:type\" content=\"article\" \/>\n<meta property=\"og:title\" content=\"Imprezy na wodzie | Szybkie \u0142odzie motorowe, skutery, katamarany\" \/>\n<meta property=\"og:description\" content=\"Przeja\u017cd\u017cki motor\u00f3wkami, platformy holowane za motor\u00f3wkami, narty wodne, skutery wodne, spadochron holowany za motor\u00f3wk\u0105 \u2013 parasailing, katamarany TopCat.\" \/>\n<meta property=\"og:url\" content=\"https:\/\/www.riby.pl\/en\/sea-events\/\" \/>\n<meta property=\"og:site_name\" content=\"RIBY.PL | Rejsy i przeja\u017cd\u017cki motor\u00f3wkami. Wycieczki \u0142odzi\u0105 motorow\u0105\" \/>\n<meta property=\"article:publisher\" content=\"https:\/\/www.facebook.com\/ribypl\/\" \/>\n<meta property=\"article:modified_time\" content=\"2017-04-27T18:38:31+00:00\" \/>\n<!-- \/ Yoast SEO plugin. -->","yoast_head_json":{"title":"Imprezy na wodzie | Szybkie \u0142odzie motorowe, skutery, katamarany","description":"Przeja\u017cd\u017cki motor\u00f3wkami, platformy holowane za motor\u00f3wkami, narty wodne, skutery wodne, spadochron holowany za motor\u00f3wk\u0105 \u2013 parasailing, katamarany TopCat.","robots":{"index":"index","follow":"follow","max-snippet":"max-snippet:-1","max-image-preview":"max-image-preview:large","max-video-preview":"max-video-preview:-1"},"canonical":"https:\/\/www.riby.pl\/en\/sea-events\/","og_locale":"en_US","og_type":"article","og_title":"Imprezy na wodzie | Szybkie \u0142odzie motorowe, skutery, katamarany","og_description":"Przeja\u017cd\u017cki motor\u00f3wkami, platformy holowane za motor\u00f3wkami, narty wodne, skutery wodne, spadochron holowany za motor\u00f3wk\u0105 \u2013 parasailing, katamarany TopCat.","og_url":"https:\/\/www.riby.pl\/en\/sea-events\/","og_site_name":"RIBY.PL | Rejsy i przeja\u017cd\u017cki motor\u00f3wkami. Wycieczki \u0142odzi\u0105 motorow\u0105","article_publisher":"https:\/\/www.facebook.com\/ribypl\/","article_modified_time":"2017-04-27T18:38:31+00:00","schema":{"@context":"https:\/\/schema.org","@graph":[{"@type":"WebPage","@id":"https:\/\/www.riby.pl\/en\/sea-events\/","url":"https:\/\/www.riby.pl\/en\/sea-events\/","name":"Imprezy na wodzie | Szybkie \u0142odzie motorowe, skutery, katamarany","isPartOf":{"@id":"https:\/\/www.riby.pl\/en\/#website"},"datePublished":"2013-02-04T13:50:22+00:00","dateModified":"2017-04-27T18:38:31+00:00","description":"Przeja\u017cd\u017cki motor\u00f3wkami, platformy holowane za motor\u00f3wkami, narty wodne, skutery wodne, spadochron holowany za motor\u00f3wk\u0105 \u2013 parasailing, katamarany TopCat.","breadcrumb":{"@id":"https:\/\/www.riby.pl\/en\/sea-events\/#breadcrumb"},"inLanguage":"en-US","potentialAction":[{"@type":"ReadAction","target":["https:\/\/www.riby.pl\/en\/sea-events\/"]}]},{"@type":"BreadcrumbList","@id":"https:\/\/www.riby.pl\/en\/sea-events\/#breadcrumb","itemListElement":[{"@type":"ListItem","position":1,"name":"Strona g\u0142\u00f3wna","item":"https:\/\/www.riby.pl\/en\/"},{"@type":"ListItem","position":2,"name":"Imprezy na wodzie"}]},{"@type":"WebSite","@id":"https:\/\/www.riby.pl\/en\/#website","url":"https:\/\/www.riby.pl\/en\/","name":"RIBY.PL | Rejsy i przeja\u017cd\u017cki motor\u00f3wkami. Wycieczki \u0142odzi\u0105 motorow\u0105","description":"","potentialAction":[{"@type":"SearchAction","target":{"@type":"EntryPoint","urlTemplate":"https:\/\/www.riby.pl\/en\/?s={search_term_string}"},"query-input":{"@type":"PropertyValueSpecification","valueRequired":true,"valueName":"search_term_string"}}],"inLanguage":"en-US"}]}},"_links":{"self":[{"href":"https:\/\/www.riby.pl\/en\/wp-json\/wp\/v2\/pages\/2048","targetHints":{"allow":["GET"]}}],"collection":[{"href":"https:\/\/www.riby.pl\/en\/wp-json\/wp\/v2\/pages"}],"about":[{"href":"https:\/\/www.riby.pl\/en\/wp-json\/wp\/v2\/types\/page"}],"author":[{"embeddable":true,"href":"https:\/\/www.riby.pl\/en\/wp-json\/wp\/v2\/users\/1"}],"replies":[{"embeddable":true,"href":"https:\/\/www.riby.pl\/en\/wp-json\/wp\/v2\/comments?post=2048"}],"version-history":[{"count":0,"href":"https:\/\/www.riby.pl\/en\/wp-json\/wp\/v2\/pages\/2048\/revisions"}],"wp:attachment":[{"href":"https:\/\/www.riby.pl\/en\/wp-json\/wp\/v2\/media?parent=2048"}],"curies":[{"name":"wp","href":"https:\/\/api.w.org\/{rel}","templated":true}]}}