{"id":2063,"date":"2013-02-04T14:53:00","date_gmt":"2013-02-04T13:53:00","guid":{"rendered":"https:\/\/www.riby.pl\/regaty-dla-firm\/"},"modified":"2017-04-27T20:40:11","modified_gmt":"2017-04-27T18:40:11","slug":"regattas-for-business","status":"publish","type":"page","link":"https:\/\/www.riby.pl\/en\/regattas-for-business\/","title":{"rendered":"Regaty dla firm"},"content":{"rendered":"<p>curve down<\/p>\n<p>#2366a0<\/p>\n<p>#fff<\/p>\n\n\t\t\t<style type='text\/css'>\n\t\t\t\t#sc_gallery-1 {\n\t\t\t\t\tmargin: auto;\n\t\t\t\t}\n\t\t\t\t#sc_gallery-1 .gallery-item {\n\t\t\t\t\tfloat: left;\n\t\t\t\t\ttext-align: center;\n\t\t\t\t\twidth: 99.99%;\n\t\t\t\t}\n\t\t\t\t#sc_gallery-1 img {\n\t\t\t\t\tborder: 2px solid #cfcfcf;\n\t\t\t\t}\n\t\t\t\t\/* see sc_gallery() in functions\/theme-shortcodes.php *\/\n\t\t\t<\/style>\n\t\t<div id='sc_gallery-1' class='gallery galleryid-2063 gallery-columns-1 gallery-size-full none element_classes gallery-default'><dl class='gallery-item'  data-title='delphia37in' data-description=''><div class='gallery-item-wrapper'>\n\t\t\t\t<dt class='gallery-icon landscape'>\n\t\t\t\t\t<img loading=\"lazy\" decoding=\"async\" width=\"230\" height=\"153\" src=\"https:\/\/www.riby.pl\/wp-content\/uploads\/2013\/02\/delphia37in.gif\" class=\"attachment-full size-full\" alt=\"\" \/>\n\t\t\t\t<\/dt><\/div><\/dl><br style=\"clear: both\" \/><dl class='gallery-item'  data-title='delphia37' data-description=''><div class='gallery-item-wrapper'>\n\t\t\t\t<dt class='gallery-icon landscape'>\n\t\t\t\t\t<img loading=\"lazy\" decoding=\"async\" width=\"230\" height=\"148\" src=\"https:\/\/www.riby.pl\/wp-content\/uploads\/2013\/02\/delphia37.gif\" class=\"attachment-full size-full\" alt=\"\" \/>\n\t\t\t\t<\/dt><\/div><\/dl><br style=\"clear: both\" \/><dl class='gallery-item'  data-title='delphia24' data-description=''><div class='gallery-item-wrapper'>\n\t\t\t\t<dt class='gallery-icon landscape'>\n\t\t\t\t\t<img loading=\"lazy\" decoding=\"async\" width=\"230\" height=\"156\" src=\"https:\/\/www.riby.pl\/wp-content\/uploads\/2013\/02\/delphia24.gif\" class=\"attachment-full size-full\" alt=\"\" \/>\n\t\t\t\t<\/dt><\/div><\/dl><br style=\"clear: both\" \/>\n\t\t\t<\/div>\n\n<p>right<\/p>\n<p>no-repeat;center top;;<\/p>\n<h2 style=\"color: #2366a0;\">Regaty dla firm<\/h2>\n<p>no-repeat;center top;;<\/p>\n<p style=\"text-align: justify;\">Regaty dla firm to \u015bwietna forma imprezy zar\u00f3wno dla klient\u00f3w (promocja firmy, produktu b\u0105d\u017a ca\u0142ej bran\u017cy), jak i pracownik\u00f3w firmy. Zmaganie si\u0119 z \u017cywio\u0142em, konieczno\u015b\u0107 pracy zespo\u0142owej oraz adrenalina wywo\u0142ana konkurencj\u0105 z innymi za\u0142ogami powoduj\u0105, i\u017c zorganizowane przez nas <strong>regaty<\/strong> staj\u0105 si\u0119 niezapomnianym prze\u017cyciem, w przysz\u0142o\u015bci owocuj\u0105cym \u015bwietnymi kontaktami mi\u0119dzy uczestnikami.<\/p>\n<p style=\"text-align: justify;\">Przygotowali\u015bmy dwie propozycje regat.<\/p>\n<p style=\"text-align: justify;\">\u00a0<strong>REGATY JEDNODNIOWE<\/strong><\/p>\n<p style=\"text-align: justify;\">Organizowane na mniejszych jednostkach typu Delphia24 lub Lazer Bahia. Baz\u0105 wypadow\u0105 jest hotel. Regaty zazwyczaj zajmuj\u0105 po\u0142ow\u0119 dnia od \u015bniadania do obiadu. Po obiedzie zapraszamy klient\u00f3w na pok\u0142ad <strong>szybkich \u0142odzi motorowych<\/strong>, a wieczorem na zabaw\u0119 przy akompaniamencie zespo\u0142u szantowego.<\/p>\n<p style=\"text-align: justify;\"><strong>REGATY KILKUDNIOWE<\/strong><\/p>\n<p style=\"text-align: justify;\">Do dyspozycji klientom oddajemy wi\u0119ksze jednostki, typu Delphia 37 lub Delphia40. Na ich pok\u0142adach w komfortowych warunkach mo\u017cna sp\u0119dzi\u0107 kilkudniowe rejsy. W zale\u017cno\u015bci od otwarto\u015bci klient\u00f3w mo\u017cemy:<\/p>\n<ul>\n<li><span style=\"font-size: 13px; line-height: 19px;\">\u00a0by\u0107 zupe\u0142nie niezale\u017cni \u015bpi\u0105c i jedz\u0105c na pok\u0142adach jacht\u00f3w,<\/span><\/li>\n<li><span style=\"font-size: 13px; line-height: 19px;\">\u00a0spa\u0107 na jachtach, a posilaj\u0105c si\u0119 w wybranych restauracjach,<\/span><\/li>\n<li><span style=\"font-size: 13px; line-height: 19px;\">\u00a0lub p\u0142ywa\u0107 na jachtach, a spa\u0107 i \u017cywi\u0107 si\u0119 w hotelach.<\/span><\/li>\n<\/ul>\n<p>Reasumuj\u0105c, regaty mo\u017cemy przygotowa\u0107 w zasadzie w ka\u017cdym wariancie.<\/p>\n<p>no-repeat;center top;;<\/p>\n<p>curve down<\/p>\n<p>#fff<\/p>\n<p>#2366a0<\/p>\n","protected":false},"excerpt":{"rendered":"<p>curve down #2366a0 #fff right no-repeat;center top;; Regaty dla firm no-repeat;center top;; Regaty dla firm to \u015bwietna forma imprezy zar\u00f3wno dla klient\u00f3w (promocja firmy, produktu b\u0105d\u017a<span class=\"excerpt-hellip\"> [\u2026]<\/span><\/p>\n","protected":false},"author":1,"featured_media":0,"parent":0,"menu_order":0,"comment_status":"closed","ping_status":"open","template":"","meta":{"footnotes":""},"class_list":["post-2063","page","type-page","status-publish","hentry"],"yoast_title":"Regaty dla firm | Przygoda pod \u017caglami z domieszk\u0105 konkurencji","yoast_description":"Poznaj tajniki \u017ceglarstwa, sprawd\u017a czy radzisz sobie z linami i \u015bcigaj si\u0119 z innymi za\u0142ogami. Regaty \u0142odzi \u017caglowych to okazja do posmakowania morza.","yoast_keyword":"regaty dla firm","yoast_head":"<!-- This site is optimized with the Yoast SEO plugin v26.9 - https:\/\/yoast.com\/product\/yoast-seo-wordpress\/ -->\n<title>Regaty dla firm | Przygoda pod \u017caglami z domieszk\u0105 konkurencji<\/title>\n<meta name=\"description\" content=\"Poznaj tajniki \u017ceglarstwa, sprawd\u017a czy radzisz sobie z linami i \u015bcigaj si\u0119 z innymi za\u0142ogami. Regaty \u0142odzi \u017caglowych to okazja do posmakowania morza.\" \/>\n<meta name=\"robots\" content=\"index, follow, max-snippet:-1, max-image-preview:large, max-video-preview:-1\" \/>\n<link rel=\"canonical\" href=\"https:\/\/www.riby.pl\/en\/regattas-for-business\/\" \/>\n<meta property=\"og:locale\" content=\"en_US\" \/>\n<meta property=\"og:type\" content=\"article\" \/>\n<meta property=\"og:title\" content=\"Regaty dla firm | Przygoda pod \u017caglami z domieszk\u0105 konkurencji\" \/>\n<meta property=\"og:description\" content=\"Poznaj tajniki \u017ceglarstwa, sprawd\u017a czy radzisz sobie z linami i \u015bcigaj si\u0119 z innymi za\u0142ogami. Regaty \u0142odzi \u017caglowych to okazja do posmakowania morza.\" \/>\n<meta property=\"og:url\" content=\"https:\/\/www.riby.pl\/en\/regattas-for-business\/\" \/>\n<meta property=\"og:site_name\" content=\"RIBY.PL | Rejsy i przeja\u017cd\u017cki motor\u00f3wkami. Wycieczki \u0142odzi\u0105 motorow\u0105\" \/>\n<meta property=\"article:publisher\" content=\"https:\/\/www.facebook.com\/ribypl\/\" \/>\n<meta property=\"article:modified_time\" content=\"2017-04-27T18:40:11+00:00\" \/>\n<meta property=\"og:image\" content=\"https:\/\/www.riby.pl\/wp-content\/uploads\/2013\/02\/delphia37in.gif\" \/>\n<meta name=\"twitter:label1\" content=\"Est. reading time\" \/>\n\t<meta name=\"twitter:data1\" content=\"1 minute\" \/>\n<!-- \/ Yoast SEO plugin. -->","yoast_head_json":{"title":"Regaty dla firm | Przygoda pod \u017caglami z domieszk\u0105 konkurencji","description":"Poznaj tajniki \u017ceglarstwa, sprawd\u017a czy radzisz sobie z linami i \u015bcigaj si\u0119 z innymi za\u0142ogami. Regaty \u0142odzi \u017caglowych to okazja do posmakowania morza.","robots":{"index":"index","follow":"follow","max-snippet":"max-snippet:-1","max-image-preview":"max-image-preview:large","max-video-preview":"max-video-preview:-1"},"canonical":"https:\/\/www.riby.pl\/en\/regattas-for-business\/","og_locale":"en_US","og_type":"article","og_title":"Regaty dla firm | Przygoda pod \u017caglami z domieszk\u0105 konkurencji","og_description":"Poznaj tajniki \u017ceglarstwa, sprawd\u017a czy radzisz sobie z linami i \u015bcigaj si\u0119 z innymi za\u0142ogami. Regaty \u0142odzi \u017caglowych to okazja do posmakowania morza.","og_url":"https:\/\/www.riby.pl\/en\/regattas-for-business\/","og_site_name":"RIBY.PL | Rejsy i przeja\u017cd\u017cki motor\u00f3wkami. Wycieczki \u0142odzi\u0105 motorow\u0105","article_publisher":"https:\/\/www.facebook.com\/ribypl\/","article_modified_time":"2017-04-27T18:40:11+00:00","og_image":[{"url":"https:\/\/www.riby.pl\/wp-content\/uploads\/2013\/02\/delphia37in.gif","type":"","width":"","height":""}],"twitter_misc":{"Est. reading time":"1 minute"},"schema":{"@context":"https:\/\/schema.org","@graph":[{"@type":"WebPage","@id":"https:\/\/www.riby.pl\/en\/regattas-for-business\/","url":"https:\/\/www.riby.pl\/en\/regattas-for-business\/","name":"Regaty dla firm | Przygoda pod \u017caglami z domieszk\u0105 konkurencji","isPartOf":{"@id":"https:\/\/www.riby.pl\/en\/#website"},"datePublished":"2013-02-04T13:53:00+00:00","dateModified":"2017-04-27T18:40:11+00:00","description":"Poznaj tajniki \u017ceglarstwa, sprawd\u017a czy radzisz sobie z linami i \u015bcigaj si\u0119 z innymi za\u0142ogami. Regaty \u0142odzi \u017caglowych to okazja do posmakowania morza.","breadcrumb":{"@id":"https:\/\/www.riby.pl\/en\/regattas-for-business\/#breadcrumb"},"inLanguage":"en-US","potentialAction":[{"@type":"ReadAction","target":["https:\/\/www.riby.pl\/en\/regattas-for-business\/"]}]},{"@type":"BreadcrumbList","@id":"https:\/\/www.riby.pl\/en\/regattas-for-business\/#breadcrumb","itemListElement":[{"@type":"ListItem","position":1,"name":"Strona g\u0142\u00f3wna","item":"https:\/\/www.riby.pl\/en\/"},{"@type":"ListItem","position":2,"name":"Regaty dla firm"}]},{"@type":"WebSite","@id":"https:\/\/www.riby.pl\/en\/#website","url":"https:\/\/www.riby.pl\/en\/","name":"RIBY.PL | Rejsy i przeja\u017cd\u017cki motor\u00f3wkami. Wycieczki \u0142odzi\u0105 motorow\u0105","description":"","potentialAction":[{"@type":"SearchAction","target":{"@type":"EntryPoint","urlTemplate":"https:\/\/www.riby.pl\/en\/?s={search_term_string}"},"query-input":{"@type":"PropertyValueSpecification","valueRequired":true,"valueName":"search_term_string"}}],"inLanguage":"en-US"}]}},"_links":{"self":[{"href":"https:\/\/www.riby.pl\/en\/wp-json\/wp\/v2\/pages\/2063","targetHints":{"allow":["GET"]}}],"collection":[{"href":"https:\/\/www.riby.pl\/en\/wp-json\/wp\/v2\/pages"}],"about":[{"href":"https:\/\/www.riby.pl\/en\/wp-json\/wp\/v2\/types\/page"}],"author":[{"embeddable":true,"href":"https:\/\/www.riby.pl\/en\/wp-json\/wp\/v2\/users\/1"}],"replies":[{"embeddable":true,"href":"https:\/\/www.riby.pl\/en\/wp-json\/wp\/v2\/comments?post=2063"}],"version-history":[{"count":0,"href":"https:\/\/www.riby.pl\/en\/wp-json\/wp\/v2\/pages\/2063\/revisions"}],"wp:attachment":[{"href":"https:\/\/www.riby.pl\/en\/wp-json\/wp\/v2\/media?parent=2063"}],"curies":[{"name":"wp","href":"https:\/\/api.w.org\/{rel}","templated":true}]}}