{"id":2068,"date":"2013-02-04T14:51:23","date_gmt":"2013-02-04T13:51:23","guid":{"rendered":"https:\/\/www.riby.pl\/wycieczki-po-zatoce-gdanskiej\/"},"modified":"2017-04-27T20:41:56","modified_gmt":"2017-04-27T18:41:56","slug":"trips-on-the-gulf-of-gdansk","status":"publish","type":"page","link":"https:\/\/www.riby.pl\/en\/trips-on-the-gulf-of-gdansk\/","title":{"rendered":"Wycieczki po Zatoce Gda\u0144skiej"},"content":{"rendered":"<p>curve down<\/p>\n<p>#2366a0<\/p>\n<p>#fff<\/p>\n<p>Z r\u00f3\u017cnych mejsc<\/p>\n<p>Stacjonujemy w Marinie Gdynia, ale mo\u017cemy Was zabra\u0107 z dowolnego miejsca<\/p>\n<p>icon-map<\/p>\n<p>top<\/p>\n<p>We\u017a aparat<\/p>\n<p>Widok Tr\u00f3jmiasta od strony wody jest wart fotografowania<\/p>\n<p>icon-camera<\/p>\n<p>top<\/p>\n<h2 style=\"color: #2366a0;\">Wycieczki \/ Rejsy po Zatoce Gda\u0144skiej i Tr\u00f3jmie\u015bcie<\/h2>\n<p>no-repeat;center top;;<\/p>\n<p>0px<\/p>\n<p>https:\/\/www.riby.pl\/wp-content\/uploads\/2016\/03\/wynajem_motorowek.png<\/p>\n<p style=\"text-align: justify;\">Proponujemy do wyboru <strong>dwie trasy wycieczek<\/strong>. W zale\u017cno\u015bci od potrzeb i ch\u0119ci szczeg\u00f3\u0142owego poznania historii naszego regionu <strong>na pok\u0142ad \u0142odzi<\/strong> mo\u017cemy zabra\u0107 profesjonalnego przewodnika. Sami jednak ch\u0119tnie opowiemy o najwa\u017cniejszych ciekawostkach, kt\u00f3re potem b\u0119dzie mo\u017cna zg\u0142\u0119bi\u0107 podczas wycieczki od strony l\u0105du \u2013 do czego gor\u0105co namawiamy. A wszystko doprawimy szczypt\u0105 adrenaliny!<\/p>\n<p>no-repeat;center top;;<\/p>\n<p>Zwiedzanie Tr\u00f3jmiasta<\/p>\n<p>Wycieczka motor\u00f3wk\u0105 wzd\u0142u\u017c tr\u00f3jmiejskiego wybrze\u017ca (Gdynia, Sopot, Gda\u0144sk) i kana\u0142ach portowych w Gda\u0144sku.<\/p>\n<p>icon-lamp<\/p>\n<p><img decoding=\"async\" src=\"https:\/\/www.riby.pl\/wp-content\/uploads\/2013\/02\/mapagdansk.gif\" alt=\"\" \/><\/p>\n<p>top<\/p>\n<p><a href=\"https:\/\/wycieczki.riby.pl\/trasa-czerwona-zwiedzanie-trojmiasta-od-strony-wody\/\">https:\/\/wycieczki.riby.pl\/trasa-czerwona-zwiedzanie-trojmiasta-od-strony-wody\/<\/a><\/p>\n<p>Pier\u015bcie\u0144 Zatoki Gda\u0144skiej<\/p>\n<p>Wycieczka motor\u00f3wk\u0105 Pier\u015bcienia Zatoki Gda\u0144skiej (Gdynia, Hel, Jurata, Jastarnia, Puck) oraz przy Mierzei Rewskiej.<\/p>\n<p>icon-lamp<\/p>\n<p><img decoding=\"async\" src=\"https:\/\/www.riby.pl\/wp-content\/uploads\/2013\/02\/mapapierscien.gif\" alt=\"\" \/><\/p>\n<p>top<\/p>\n<p><a href=\"https:\/\/wycieczki.riby.pl\/trasa-zielona-pierscien-zatoki-gdanskiej\/\">https:\/\/wycieczki.riby.pl\/trasa-zielona-pierscien-zatoki-gdanskiej\/<\/a><\/p>\n<p>curve up<\/p>\n<p>#fff<\/p>\n<p>#143e70<\/p>\n<h3 style=\"color: #fff; font-size: 18px; font-style: italic;\">Je\u015bli jeste\u015bcie jeszcze nie przekonani do rejsu motor\u00f3wk\u0105, to zach\u0119camy do obejrzenia filmiku:<\/h3>\n<p>center<\/p>\n<p>no-repeat;center top;;<\/p>\n<p>no-repeat;center top;;<\/p>\n<p>67880566<\/p>\n<p>700<\/p>\n<p>400<\/p>\n<p>curve up<\/p>\n<p>#143e70<\/p>\n<p>#2366a0<\/p>\n","protected":false},"excerpt":{"rendered":"<p>curve down #2366a0 #fff Z r\u00f3\u017cnych mejsc Stacjonujemy w Marinie Gdynia, ale mo\u017cemy Was zabra\u0107 z dowolnego miejsca icon-map top We\u017a aparat Widok Tr\u00f3jmiasta od strony<span class=\"excerpt-hellip\"> [\u2026]<\/span><\/p>\n","protected":false},"author":1,"featured_media":0,"parent":0,"menu_order":0,"comment_status":"closed","ping_status":"open","template":"","meta":{"footnotes":""},"class_list":["post-2068","page","type-page","status-publish","hentry"],"yoast_title":"Wycieczki po zatoce Gda\u0144skiej | Zwied\u017a Tr\u00f3jmiasto od strony wody","yoast_description":"Wynajmij motor\u00f3wk\u0119 i zorganizuj rejs motor\u00f3wk\u0105 w trakcie kt\u00f3rego zwiedzisz Gdyni\u0119, Gda\u0144sk i Sopot od strony wody. Tak\u0105 przeja\u017cd\u017ck\u0119 zapami\u0119tasz na zawsze.","yoast_keyword":"wycieczki po Zatoce Gda\u0144skiej","yoast_head":"<!-- This site is optimized with the Yoast SEO plugin v26.9 - https:\/\/yoast.com\/product\/yoast-seo-wordpress\/ -->\n<title>Wycieczki po zatoce Gda\u0144skiej | Zwied\u017a Tr\u00f3jmiasto od strony wody<\/title>\n<meta name=\"description\" content=\"Wynajmij motor\u00f3wk\u0119 i zorganizuj rejs motor\u00f3wk\u0105 w trakcie kt\u00f3rego zwiedzisz Gdyni\u0119, Gda\u0144sk i Sopot od strony wody. Tak\u0105 przeja\u017cd\u017ck\u0119 zapami\u0119tasz na zawsze.\" \/>\n<meta name=\"robots\" content=\"index, follow, max-snippet:-1, max-image-preview:large, max-video-preview:-1\" \/>\n<link rel=\"canonical\" href=\"https:\/\/www.riby.pl\/en\/trips-on-the-gulf-of-gdansk\/\" \/>\n<meta property=\"og:locale\" content=\"en_US\" \/>\n<meta property=\"og:type\" content=\"article\" \/>\n<meta property=\"og:title\" content=\"Wycieczki po zatoce Gda\u0144skiej | Zwied\u017a Tr\u00f3jmiasto od strony wody\" \/>\n<meta property=\"og:description\" content=\"Wynajmij motor\u00f3wk\u0119 i zorganizuj rejs motor\u00f3wk\u0105 w trakcie kt\u00f3rego zwiedzisz Gdyni\u0119, Gda\u0144sk i Sopot od strony wody. Tak\u0105 przeja\u017cd\u017ck\u0119 zapami\u0119tasz na zawsze.\" \/>\n<meta property=\"og:url\" content=\"https:\/\/www.riby.pl\/en\/trips-on-the-gulf-of-gdansk\/\" \/>\n<meta property=\"og:site_name\" content=\"RIBY.PL | Rejsy i przeja\u017cd\u017cki motor\u00f3wkami. Wycieczki \u0142odzi\u0105 motorow\u0105\" \/>\n<meta property=\"article:publisher\" content=\"https:\/\/www.facebook.com\/ribypl\/\" \/>\n<meta property=\"article:modified_time\" content=\"2017-04-27T18:41:56+00:00\" \/>\n<meta property=\"og:image\" content=\"https:\/\/www.riby.pl\/wp-content\/uploads\/2013\/02\/mapagdansk.gif\" \/>\n<meta name=\"twitter:label1\" content=\"Est. reading time\" \/>\n\t<meta name=\"twitter:data1\" content=\"1 minute\" \/>\n<!-- \/ Yoast SEO plugin. -->","yoast_head_json":{"title":"Wycieczki po zatoce Gda\u0144skiej | Zwied\u017a Tr\u00f3jmiasto od strony wody","description":"Wynajmij motor\u00f3wk\u0119 i zorganizuj rejs motor\u00f3wk\u0105 w trakcie kt\u00f3rego zwiedzisz Gdyni\u0119, Gda\u0144sk i Sopot od strony wody. Tak\u0105 przeja\u017cd\u017ck\u0119 zapami\u0119tasz na zawsze.","robots":{"index":"index","follow":"follow","max-snippet":"max-snippet:-1","max-image-preview":"max-image-preview:large","max-video-preview":"max-video-preview:-1"},"canonical":"https:\/\/www.riby.pl\/en\/trips-on-the-gulf-of-gdansk\/","og_locale":"en_US","og_type":"article","og_title":"Wycieczki po zatoce Gda\u0144skiej | Zwied\u017a Tr\u00f3jmiasto od strony wody","og_description":"Wynajmij motor\u00f3wk\u0119 i zorganizuj rejs motor\u00f3wk\u0105 w trakcie kt\u00f3rego zwiedzisz Gdyni\u0119, Gda\u0144sk i Sopot od strony wody. Tak\u0105 przeja\u017cd\u017ck\u0119 zapami\u0119tasz na zawsze.","og_url":"https:\/\/www.riby.pl\/en\/trips-on-the-gulf-of-gdansk\/","og_site_name":"RIBY.PL | Rejsy i przeja\u017cd\u017cki motor\u00f3wkami. Wycieczki \u0142odzi\u0105 motorow\u0105","article_publisher":"https:\/\/www.facebook.com\/ribypl\/","article_modified_time":"2017-04-27T18:41:56+00:00","og_image":[{"url":"https:\/\/www.riby.pl\/wp-content\/uploads\/2013\/02\/mapagdansk.gif","type":"","width":"","height":""}],"twitter_misc":{"Est. reading time":"1 minute"},"schema":{"@context":"https:\/\/schema.org","@graph":[{"@type":"WebPage","@id":"https:\/\/www.riby.pl\/en\/trips-on-the-gulf-of-gdansk\/","url":"https:\/\/www.riby.pl\/en\/trips-on-the-gulf-of-gdansk\/","name":"Wycieczki po zatoce Gda\u0144skiej | Zwied\u017a Tr\u00f3jmiasto od strony wody","isPartOf":{"@id":"https:\/\/www.riby.pl\/en\/#website"},"primaryImageOfPage":{"@id":"https:\/\/www.riby.pl\/en\/trips-on-the-gulf-of-gdansk\/#primaryimage"},"image":{"@id":"https:\/\/www.riby.pl\/en\/trips-on-the-gulf-of-gdansk\/#primaryimage"},"thumbnailUrl":"https:\/\/www.riby.pl\/wp-content\/uploads\/2013\/02\/mapagdansk.gif","datePublished":"2013-02-04T13:51:23+00:00","dateModified":"2017-04-27T18:41:56+00:00","description":"Wynajmij motor\u00f3wk\u0119 i zorganizuj rejs motor\u00f3wk\u0105 w trakcie kt\u00f3rego zwiedzisz Gdyni\u0119, Gda\u0144sk i Sopot od strony wody. Tak\u0105 przeja\u017cd\u017ck\u0119 zapami\u0119tasz na zawsze.","breadcrumb":{"@id":"https:\/\/www.riby.pl\/en\/trips-on-the-gulf-of-gdansk\/#breadcrumb"},"inLanguage":"en-US","potentialAction":[{"@type":"ReadAction","target":["https:\/\/www.riby.pl\/en\/trips-on-the-gulf-of-gdansk\/"]}]},{"@type":"ImageObject","inLanguage":"en-US","@id":"https:\/\/www.riby.pl\/en\/trips-on-the-gulf-of-gdansk\/#primaryimage","url":"https:\/\/www.riby.pl\/wp-content\/uploads\/2013\/02\/mapagdansk.gif","contentUrl":"https:\/\/www.riby.pl\/wp-content\/uploads\/2013\/02\/mapagdansk.gif"},{"@type":"BreadcrumbList","@id":"https:\/\/www.riby.pl\/en\/trips-on-the-gulf-of-gdansk\/#breadcrumb","itemListElement":[{"@type":"ListItem","position":1,"name":"Strona g\u0142\u00f3wna","item":"https:\/\/www.riby.pl\/en\/"},{"@type":"ListItem","position":2,"name":"Wycieczki po Zatoce Gda\u0144skiej"}]},{"@type":"WebSite","@id":"https:\/\/www.riby.pl\/en\/#website","url":"https:\/\/www.riby.pl\/en\/","name":"RIBY.PL | Rejsy i przeja\u017cd\u017cki motor\u00f3wkami. Wycieczki \u0142odzi\u0105 motorow\u0105","description":"","potentialAction":[{"@type":"SearchAction","target":{"@type":"EntryPoint","urlTemplate":"https:\/\/www.riby.pl\/en\/?s={search_term_string}"},"query-input":{"@type":"PropertyValueSpecification","valueRequired":true,"valueName":"search_term_string"}}],"inLanguage":"en-US"}]}},"_links":{"self":[{"href":"https:\/\/www.riby.pl\/en\/wp-json\/wp\/v2\/pages\/2068","targetHints":{"allow":["GET"]}}],"collection":[{"href":"https:\/\/www.riby.pl\/en\/wp-json\/wp\/v2\/pages"}],"about":[{"href":"https:\/\/www.riby.pl\/en\/wp-json\/wp\/v2\/types\/page"}],"author":[{"embeddable":true,"href":"https:\/\/www.riby.pl\/en\/wp-json\/wp\/v2\/users\/1"}],"replies":[{"embeddable":true,"href":"https:\/\/www.riby.pl\/en\/wp-json\/wp\/v2\/comments?post=2068"}],"version-history":[{"count":0,"href":"https:\/\/www.riby.pl\/en\/wp-json\/wp\/v2\/pages\/2068\/revisions"}],"wp:attachment":[{"href":"https:\/\/www.riby.pl\/en\/wp-json\/wp\/v2\/media?parent=2068"}],"curies":[{"name":"wp","href":"https:\/\/api.w.org\/{rel}","templated":true}]}}