{"id":2072,"date":"2013-02-04T14:53:47","date_gmt":"2013-02-04T13:53:47","guid":{"rendered":"https:\/\/www.riby.pl\/plywajace-billboardy\/"},"modified":"2017-04-27T20:40:25","modified_gmt":"2017-04-27T18:40:25","slug":"floating-billboards","status":"publish","type":"page","link":"https:\/\/www.riby.pl\/en\/floating-billboards\/","title":{"rendered":"Reklama na wodzie &#8211; P\u0142ywaj\u0105ce billboardy"},"content":{"rendered":"<p>curve down<\/p>\n<p>#2366a0<\/p>\n<p>#fff<\/p>\n<h2 style=\"color: #2366a0;\">P\u0142ywaj\u0105ce billboardy.<\/h2>\n<p>no-repeat;center top;;<\/p>\n\n\t\t\t<style type='text\/css'>\n\t\t\t\t#sc_gallery-1 {\n\t\t\t\t\tmargin: auto;\n\t\t\t\t}\n\t\t\t\t#sc_gallery-1 .gallery-item {\n\t\t\t\t\tfloat: left;\n\t\t\t\t\ttext-align: center;\n\t\t\t\t\twidth: 99.99%;\n\t\t\t\t}\n\t\t\t\t#sc_gallery-1 img {\n\t\t\t\t\tborder: 2px solid #cfcfcf;\n\t\t\t\t}\n\t\t\t\t\/* see sc_gallery() in functions\/theme-shortcodes.php *\/\n\t\t\t<\/style>\n\t\t<div id='sc_gallery-1' class='gallery galleryid-2072 gallery-columns-1 gallery-size-full none element_classes gallery-default'><dl class='gallery-item'  data-title='bil3' data-description=''><div class='gallery-item-wrapper'>\n\t\t\t\t<dt class='gallery-icon landscape'>\n\t\t\t\t\t<img loading=\"lazy\" decoding=\"async\" width=\"230\" height=\"173\" src=\"https:\/\/www.riby.pl\/wp-content\/uploads\/2013\/02\/bil3.jpg\" class=\"attachment-full size-full\" alt=\"\" srcset=\"https:\/\/www.riby.pl\/wp-content\/uploads\/2013\/02\/bil3.jpg 230w, https:\/\/www.riby.pl\/wp-content\/uploads\/2013\/02\/bil3-200x150.jpg 200w, https:\/\/www.riby.pl\/wp-content\/uploads\/2013\/02\/bil3-194x146.jpg 194w, https:\/\/www.riby.pl\/wp-content\/uploads\/2013\/02\/bil3-50x38.jpg 50w, https:\/\/www.riby.pl\/wp-content\/uploads\/2013\/02\/bil3-100x75.jpg 100w\" sizes=\"auto, (max-width:767px) 230px, 230px\" \/>\n\t\t\t\t<\/dt><\/div><\/dl><br style=\"clear: both\" \/><dl class='gallery-item'  data-title='bil2' data-description=''><div class='gallery-item-wrapper'>\n\t\t\t\t<dt class='gallery-icon landscape'>\n\t\t\t\t\t<img loading=\"lazy\" decoding=\"async\" width=\"230\" height=\"173\" src=\"https:\/\/www.riby.pl\/wp-content\/uploads\/2013\/02\/bil2.jpg\" class=\"attachment-full size-full\" alt=\"\" srcset=\"https:\/\/www.riby.pl\/wp-content\/uploads\/2013\/02\/bil2.jpg 230w, https:\/\/www.riby.pl\/wp-content\/uploads\/2013\/02\/bil2-200x150.jpg 200w, https:\/\/www.riby.pl\/wp-content\/uploads\/2013\/02\/bil2-194x146.jpg 194w, https:\/\/www.riby.pl\/wp-content\/uploads\/2013\/02\/bil2-50x38.jpg 50w, https:\/\/www.riby.pl\/wp-content\/uploads\/2013\/02\/bil2-100x75.jpg 100w\" sizes=\"auto, (max-width:767px) 230px, 230px\" \/>\n\t\t\t\t<\/dt><\/div><\/dl><br style=\"clear: both\" \/><dl class='gallery-item'  data-title='bil1' data-description=''><div class='gallery-item-wrapper'>\n\t\t\t\t<dt class='gallery-icon landscape'>\n\t\t\t\t\t<img loading=\"lazy\" decoding=\"async\" width=\"230\" height=\"131\" src=\"https:\/\/www.riby.pl\/wp-content\/uploads\/2013\/02\/bil1.jpg\" class=\"attachment-full size-full\" alt=\"\" srcset=\"https:\/\/www.riby.pl\/wp-content\/uploads\/2013\/02\/bil1.jpg 230w, https:\/\/www.riby.pl\/wp-content\/uploads\/2013\/02\/bil1-200x114.jpg 200w, https:\/\/www.riby.pl\/wp-content\/uploads\/2013\/02\/bil1-50x28.jpg 50w, https:\/\/www.riby.pl\/wp-content\/uploads\/2013\/02\/bil1-132x75.jpg 132w\" sizes=\"auto, (max-width:767px) 230px, 230px\" \/>\n\t\t\t\t<\/dt><\/div><\/dl><br style=\"clear: both\" \/>\n\t\t\t<\/div>\n\n<p>center<\/p>\n<p>no-repeat;center top;;<\/p>\n<p style=\"text-align: justify;\"><strong>KLIENCI<\/strong><\/p>\n<p style=\"text-align: justify;\">Jest to nowo\u015b\u0107 na polskim rynku, kt\u00f3ra na \u015bwiecie zdobywa swoich zwolennik\u00f3w ju\u017c od kilku lat. Z tej formy reklamy skorzystali mi\u0119dzy innymi: McDonald&#8217;s, Nike, Honda, Cadbury, Heineken, AT&amp;T, American Airlines.<\/p>\n<p style=\"text-align: justify;\"><strong>ZALETY OFERTY<\/strong><\/p>\n<p style=\"text-align: justify;\">Nasze <strong>p\u0142ywaj\u0105ce billboardy<\/strong> pojawi\u0105 si\u0119 tam, gdzie jeszcze nikt nie mia\u0142 okazji reklamowa\u0107 swoich marek, czy produkt\u00f3w.<\/p>\n<p style=\"text-align: justify;\">Dzi\u0119ki nam, mo\u017cecie Pa\u0144stwo dotrze\u0107 do <strong>wszystkich os\u00f3b<\/strong> przebywaj\u0105cych <strong>na pla\u017cach, bulwarach, czy molo<\/strong>. Natomiast dzi\u0119ki innowacyjno\u015bci pomys\u0142u gwarantujemy, i\u017c Pa\u0144stwa reklama zwr\u00f3ci uwag\u0119 potencjalnych klient\u00f3w.<\/p>\n<p style=\"text-align: justify;\">Dajemy te\u017c mo\u017cliwo\u015b\u0107 efektywnego <strong>brandingu regat<\/strong>, czy innych akcji na wodzie, co dot\u0105d by\u0142o trudne ze wzgl\u0119du na ma\u0142\u0105 ilo\u015b\u0107 powierzchni reklamowych znajduj\u0105cych si\u0119 na wodzie.<\/p>\n<p><strong>TROCH\u0118 TECHNIKI<\/strong><\/p>\n<p>Billboard zbudowany jest z dmuchanych modu\u0142\u00f3w. Pojedynczy modu\u0142 wysoki jest na 4 metry i szeroki na 3 metry. Modu\u0142y mo\u017cna \u0142\u0105czy\u0107, dzi\u0119ki czemu mo\u017cemy uzyska\u0107 billboard o wielko\u015bci:<\/p>\n<ul>\n<li>1 modu\u0142 4 metry x 3 metry,<\/li>\n<li>2 modu\u0142y 4 metry x 6 metr\u00f3w,<\/li>\n<li>3 modu\u0142y 4 metry x 9 metr\u00f3w.<\/li>\n<\/ul>\n<p><span style=\"font-size: 13px; line-height: 19px;\">Za pomoc\u0105 specjalnych zaczep\u00f3w na billboardzie montujemy banery z zaprojektowan\u0105 przez klienta grafik\u0105. Baner wykonujemy z siatki MESH z nadrukiem solwentowym. Baner mo\u017ce by\u0107 zamontowany po obu stronach billboardu.<\/span><\/p>\n<p style=\"text-align: justify;\"><strong>CO\u015a DLA WYOBRA\u0179NI<\/strong><\/p>\n<p style=\"text-align: justify;\">Na specjalne zam\u00f3wienie klienta, billboard mo\u017cemy dowolnie wyd\u0142u\u017ca\u0107. Prosz\u0119 sobie wyobrazi\u0107 billboard z grafik\u0105 wysok\u0105 na 4 metry i d\u0142ug\u0105 powiedzmy na &#8230;&#8230;&#8230;&#8230;&#8230;&#8230;.. 18 metr\u00f3w (6 modu\u0142\u00f3w), <strong>holowany przez motor\u00f3wk\u0119<\/strong> wzd\u0142u\u017c obleganej przez turyst\u00f3w pla\u017cy!!!<\/p>\n<p style=\"text-align: justify;\"><strong>NASZ ZASI\u0118G<\/strong><\/p>\n<p style=\"text-align: justify;\">Oferta dotyczy ca\u0142ego polskiego wybrze\u017ca, g\u0142\u00f3wnych rzek oraz du\u017cych jezior bez strefy ciszy.<\/p>\n<p>no-repeat;center top;;<\/p>\n<p>curve down<\/p>\n<p>#fff<\/p>\n<p>#2366a0<\/p>\n","protected":false},"excerpt":{"rendered":"<p>curve down #2366a0 #fff P\u0142ywaj\u0105ce billboardy. no-repeat;center top;; center no-repeat;center top;; KLIENCI Jest to nowo\u015b\u0107 na polskim rynku, kt\u00f3ra na \u015bwiecie zdobywa swoich zwolennik\u00f3w ju\u017c od<span class=\"excerpt-hellip\"> [\u2026]<\/span><\/p>\n","protected":false},"author":1,"featured_media":0,"parent":0,"menu_order":0,"comment_status":"closed","ping_status":"open","template":"","meta":{"footnotes":""},"class_list":["post-2072","page","type-page","status-publish","hentry"],"yoast_title":"Reklama na wodzie | Wyr\u00f3\u017cnij si\u0119!","yoast_description":"P\u0142ywaj\u0105ce billboardy, to wielkie dmuchane platformy umo\u017cliwiaj\u0105ce rozwieszenie baner\u00f3w reklamowych. To genialna reklama na wodzie.","yoast_keyword":"p\u0142ywaj\u0105ce billboardy","yoast_head":"<!-- This site is optimized with the Yoast SEO plugin v26.9 - https:\/\/yoast.com\/product\/yoast-seo-wordpress\/ -->\n<title>Reklama na wodzie | Wyr\u00f3\u017cnij si\u0119!<\/title>\n<meta name=\"description\" content=\"P\u0142ywaj\u0105ce billboardy, to wielkie dmuchane platformy umo\u017cliwiaj\u0105ce rozwieszenie baner\u00f3w reklamowych. To genialna reklama na wodzie.\" \/>\n<meta name=\"robots\" content=\"index, follow, max-snippet:-1, max-image-preview:large, max-video-preview:-1\" \/>\n<link rel=\"canonical\" href=\"https:\/\/www.riby.pl\/en\/floating-billboards\/\" \/>\n<meta property=\"og:locale\" content=\"en_US\" \/>\n<meta property=\"og:type\" content=\"article\" \/>\n<meta property=\"og:title\" content=\"Reklama na wodzie | Wyr\u00f3\u017cnij si\u0119!\" \/>\n<meta property=\"og:description\" content=\"P\u0142ywaj\u0105ce billboardy, to wielkie dmuchane platformy umo\u017cliwiaj\u0105ce rozwieszenie baner\u00f3w reklamowych. To genialna reklama na wodzie.\" \/>\n<meta property=\"og:url\" content=\"https:\/\/www.riby.pl\/en\/floating-billboards\/\" \/>\n<meta property=\"og:site_name\" content=\"RIBY.PL | Rejsy i przeja\u017cd\u017cki motor\u00f3wkami. Wycieczki \u0142odzi\u0105 motorow\u0105\" \/>\n<meta property=\"article:publisher\" content=\"https:\/\/www.facebook.com\/ribypl\/\" \/>\n<meta property=\"article:modified_time\" content=\"2017-04-27T18:40:25+00:00\" \/>\n<meta property=\"og:image\" content=\"https:\/\/www.riby.pl\/wp-content\/uploads\/2013\/02\/bil3.jpg\" \/>\n<meta name=\"twitter:label1\" content=\"Est. reading time\" \/>\n\t<meta name=\"twitter:data1\" content=\"2 minutes\" \/>\n<!-- \/ Yoast SEO plugin. -->","yoast_head_json":{"title":"Reklama na wodzie | Wyr\u00f3\u017cnij si\u0119!","description":"P\u0142ywaj\u0105ce billboardy, to wielkie dmuchane platformy umo\u017cliwiaj\u0105ce rozwieszenie baner\u00f3w reklamowych. To genialna reklama na wodzie.","robots":{"index":"index","follow":"follow","max-snippet":"max-snippet:-1","max-image-preview":"max-image-preview:large","max-video-preview":"max-video-preview:-1"},"canonical":"https:\/\/www.riby.pl\/en\/floating-billboards\/","og_locale":"en_US","og_type":"article","og_title":"Reklama na wodzie | Wyr\u00f3\u017cnij si\u0119!","og_description":"P\u0142ywaj\u0105ce billboardy, to wielkie dmuchane platformy umo\u017cliwiaj\u0105ce rozwieszenie baner\u00f3w reklamowych. To genialna reklama na wodzie.","og_url":"https:\/\/www.riby.pl\/en\/floating-billboards\/","og_site_name":"RIBY.PL | Rejsy i przeja\u017cd\u017cki motor\u00f3wkami. Wycieczki \u0142odzi\u0105 motorow\u0105","article_publisher":"https:\/\/www.facebook.com\/ribypl\/","article_modified_time":"2017-04-27T18:40:25+00:00","og_image":[{"url":"https:\/\/www.riby.pl\/wp-content\/uploads\/2013\/02\/bil3.jpg","type":"","width":"","height":""}],"twitter_misc":{"Est. reading time":"2 minutes"},"schema":{"@context":"https:\/\/schema.org","@graph":[{"@type":"WebPage","@id":"https:\/\/www.riby.pl\/en\/floating-billboards\/","url":"https:\/\/www.riby.pl\/en\/floating-billboards\/","name":"Reklama na wodzie | Wyr\u00f3\u017cnij si\u0119!","isPartOf":{"@id":"https:\/\/www.riby.pl\/en\/#website"},"datePublished":"2013-02-04T13:53:47+00:00","dateModified":"2017-04-27T18:40:25+00:00","description":"P\u0142ywaj\u0105ce billboardy, to wielkie dmuchane platformy umo\u017cliwiaj\u0105ce rozwieszenie baner\u00f3w reklamowych. To genialna reklama na wodzie.","breadcrumb":{"@id":"https:\/\/www.riby.pl\/en\/floating-billboards\/#breadcrumb"},"inLanguage":"en-US","potentialAction":[{"@type":"ReadAction","target":["https:\/\/www.riby.pl\/en\/floating-billboards\/"]}]},{"@type":"BreadcrumbList","@id":"https:\/\/www.riby.pl\/en\/floating-billboards\/#breadcrumb","itemListElement":[{"@type":"ListItem","position":1,"name":"Strona g\u0142\u00f3wna","item":"https:\/\/www.riby.pl\/en\/"},{"@type":"ListItem","position":2,"name":"Reklama na wodzie &#8211; P\u0142ywaj\u0105ce billboardy"}]},{"@type":"WebSite","@id":"https:\/\/www.riby.pl\/en\/#website","url":"https:\/\/www.riby.pl\/en\/","name":"RIBY.PL | Rejsy i przeja\u017cd\u017cki motor\u00f3wkami. Wycieczki \u0142odzi\u0105 motorow\u0105","description":"","potentialAction":[{"@type":"SearchAction","target":{"@type":"EntryPoint","urlTemplate":"https:\/\/www.riby.pl\/en\/?s={search_term_string}"},"query-input":{"@type":"PropertyValueSpecification","valueRequired":true,"valueName":"search_term_string"}}],"inLanguage":"en-US"}]}},"_links":{"self":[{"href":"https:\/\/www.riby.pl\/en\/wp-json\/wp\/v2\/pages\/2072","targetHints":{"allow":["GET"]}}],"collection":[{"href":"https:\/\/www.riby.pl\/en\/wp-json\/wp\/v2\/pages"}],"about":[{"href":"https:\/\/www.riby.pl\/en\/wp-json\/wp\/v2\/types\/page"}],"author":[{"embeddable":true,"href":"https:\/\/www.riby.pl\/en\/wp-json\/wp\/v2\/users\/1"}],"replies":[{"embeddable":true,"href":"https:\/\/www.riby.pl\/en\/wp-json\/wp\/v2\/comments?post=2072"}],"version-history":[{"count":0,"href":"https:\/\/www.riby.pl\/en\/wp-json\/wp\/v2\/pages\/2072\/revisions"}],"wp:attachment":[{"href":"https:\/\/www.riby.pl\/en\/wp-json\/wp\/v2\/media?parent=2072"}],"curies":[{"name":"wp","href":"https:\/\/api.w.org\/{rel}","templated":true}]}}