{"id":2077,"date":"2013-02-04T14:51:56","date_gmt":"2013-02-04T13:51:56","guid":{"rendered":"https:\/\/www.riby.pl\/zimowy-rib-ride\/"},"modified":"2026-02-16T21:24:28","modified_gmt":"2026-02-16T20:24:28","slug":"zimowy-rib-ride","status":"publish","type":"page","link":"https:\/\/www.riby.pl\/en\/zimowy-rib-ride\/","title":{"rendered":"Zimowy Rib Ride"},"content":{"rendered":"<h4>Zimowe rejsy motor\u00f3wkami &#8211; Extreme Rib Ride<\/h4>\n<p>[row]<\/p>\n<div class=\"column one-second mobile-one\"><div class=\"mcb-column-inner\"><\/p>\n<p style=\"text-align: center;\"><div class=\"image_frame image_item no_link scale-with-grid element_classes alignnone no_border mfn-img-box\" ><div class=\"image_wrapper\"><img decoding=\"async\" class=\"scale-with-grid\" src=\"\" alt=\"Oferta zimowych rejs\u00f3w motor\u00f3wkami RIB - RIDE\" title=\"\" width=\"\" height=\"\" style=\"\"\/><\/div><\/div>\n<br \/>\n<\/div><\/div>\n\n<p>[one_second_last]<\/p>\n<p style=\"text-align: justify;\">\u015aladem naszych s\u0105siad\u00f3w z p\u00f3\u0142nocy \u2013 Szwecji i Norwegii, oraz Wysp Brytyjskich chcemy zaproponowa\u0107 ZIMOWE, EKSTREMALNE\u00a0<strong><a href=\"https:\/\/www.riby.pl\/motorowki-rib\/\">PRZEJA\u017bD\u017bKI MOTOR\u00d3WKAMI RIB<\/a><\/strong> po\u0142\u0105czone ze<strong> <a href=\"https:\/\/www.riby.pl\/rejsy-po-zatoce-gdanskiej-z-gdyni\/\">zwiedzaniem Tr\u00f3jmiasta<\/a><\/strong> od strony wody. To, co u nas wydaje si\u0119 niemo\u017cliwe,\u00a0z powodzeniem organizowane jest w krajach, gdzie warunki pogodowe s\u0105 wiele surowsze od tych, kt\u00f3re spotka\u0107 mo\u017cemy na<strong>\u00a0Zatoce Gda\u0144skiej<\/strong>.<\/p>\n<p style=\"text-align: justify;\">Ofert\u0119 nasz\u0105 kierujemy do tych os\u00f3b, kt\u00f3re poszukuj\u0105 ekstremalnych dozna\u0144, takich jak skok ze spadochronem,\u00a0jazda samochodami terenowymi, wspinaczka alpinistyczna. Gwarantujemy, i\u017c chwile sp\u0119dzone na zimowym morzu, okraszone\u00a0niecodziennymi widokami Tr\u00f3jmiasta od strony wody, zapewni\u0105 r\u00f3wnie &#8211; je\u015bli nie bardziej &#8211; <strong>ekstremalne doznania<\/strong>.<\/p>\n<p>[\/one_second_last]<\/p>\n<p>[\/row]<\/p>\n<p>[row]<\/p>\n<p style=\"text-align: justify;\"><span style=\"font-size: 13px; line-height: 19px;\">Aby uczestnicy mieli pe\u0142ny komfort w trakcie podr\u00f3\u017cy, ze swojej strony zapewniamy ciep\u0142\u0105, profesjonaln\u0105 odzie\u017c:\u00a0<\/span>profesjonalne kombinezony dla za\u0142\u00f3g statk\u00f3w \u2013 wodoszczelne, wiatro-odporne oraz bardzo ciep\u0142e, neoprenowe\u00a0r\u0119kawiczki, neoprenowe kominiarki oraz gogle. Ze swojej strony uczestnicy musz\u0105 zapewni\u0107 jedynie ciep\u0142\u0105\u00a0bielizn\u0119, buty oraz czapki.<\/p>\n<p style=\"text-align: justify;\">Ca\u0142o\u015b\u0107 organizowana b\u0119dzie inaczej, ni\u017c w czasie ciep\u0142ych miesi\u0119cy. Pogoda zobowi\u0105zuje nas bowiem, do\u00a0specjalnych przygotowa\u0144. Po uczestnik\u00f3w b\u0119dziemy przyje\u017cd\u017ca\u0107 do hotelu. Na miejscu\u00a0przeprowadzimy kr\u00f3tki instruktarz, wyja\u015bniaj\u0105cy co nas czeka i jakie s\u0105 <strong>zasady obowi\u0105zuj\u0105ce na \u0142odzi<\/strong>.<\/p>\n<p style=\"text-align: justify;\">Nast\u0119pnie ka\u017cdego uczestnika odpowiednio ubierzemy i &#8211; w zale\u017cno\u015bci od hotelu \u2013 busem lub na piechot\u0119 udamy\u00a0si\u0119 do<strong> motor\u00f3wek<\/strong>.<\/p>\n<p>[\/row]<\/p>\n<p>&nbsp;<\/p>\n","protected":false},"excerpt":{"rendered":"<p>Zimowe rejsy motor\u00f3wkami &#8211; Extreme Rib Ride [row] [one_second_last] \u015aladem naszych s\u0105siad\u00f3w z p\u00f3\u0142nocy \u2013 Szwecji i Norwegii, oraz Wysp Brytyjskich chcemy zaproponowa\u0107 ZIMOWE, EKSTREMALNE\u00a0PRZEJA\u017bD\u017bKI MOTOR\u00d3WKAMI<span class=\"excerpt-hellip\"> [\u2026]<\/span><\/p>\n","protected":false},"author":1,"featured_media":0,"parent":0,"menu_order":0,"comment_status":"closed","ping_status":"open","template":"template-sidebar-left.php","meta":{"footnotes":""},"class_list":["post-2077","page","type-page","status-publish","hentry"],"yoast_title":"","yoast_description":"","yoast_keyword":"","yoast_head":"<!-- This site is optimized with the Yoast SEO plugin v26.9 - https:\/\/yoast.com\/product\/yoast-seo-wordpress\/ -->\n<title>Zimowy Rib Ride - RIBY.PL | Rejsy i przeja\u017cd\u017cki motor\u00f3wkami. Wycieczki \u0142odzi\u0105 motorow\u0105<\/title>\n<meta name=\"robots\" content=\"index, follow, max-snippet:-1, max-image-preview:large, max-video-preview:-1\" \/>\n<link rel=\"canonical\" href=\"https:\/\/www.riby.pl\/en\/zimowy-rib-ride\/\" \/>\n<meta property=\"og:locale\" content=\"en_US\" \/>\n<meta property=\"og:type\" content=\"article\" \/>\n<meta property=\"og:title\" content=\"Zimowy Rib Ride - RIBY.PL | Rejsy i przeja\u017cd\u017cki motor\u00f3wkami. Wycieczki \u0142odzi\u0105 motorow\u0105\" \/>\n<meta property=\"og:description\" content=\"Zimowe rejsy motor\u00f3wkami &#8211; Extreme Rib Ride [row] [one_second_last] \u015aladem naszych s\u0105siad\u00f3w z p\u00f3\u0142nocy \u2013 Szwecji i Norwegii, oraz Wysp Brytyjskich chcemy zaproponowa\u0107 ZIMOWE, EKSTREMALNE\u00a0PRZEJA\u017bD\u017bKI MOTOR\u00d3WKAMI [\u2026]\" \/>\n<meta property=\"og:url\" content=\"https:\/\/www.riby.pl\/en\/zimowy-rib-ride\/\" \/>\n<meta property=\"og:site_name\" content=\"RIBY.PL | Rejsy i przeja\u017cd\u017cki motor\u00f3wkami. Wycieczki \u0142odzi\u0105 motorow\u0105\" \/>\n<meta property=\"article:publisher\" content=\"https:\/\/www.facebook.com\/ribypl\/\" \/>\n<meta property=\"article:modified_time\" content=\"2026-02-16T20:24:28+00:00\" \/>\n<meta name=\"twitter:label1\" content=\"Est. reading time\" \/>\n\t<meta name=\"twitter:data1\" content=\"1 minute\" \/>\n<!-- \/ Yoast SEO plugin. -->","yoast_head_json":{"title":"Zimowy Rib Ride - RIBY.PL | Rejsy i przeja\u017cd\u017cki motor\u00f3wkami. Wycieczki \u0142odzi\u0105 motorow\u0105","robots":{"index":"index","follow":"follow","max-snippet":"max-snippet:-1","max-image-preview":"max-image-preview:large","max-video-preview":"max-video-preview:-1"},"canonical":"https:\/\/www.riby.pl\/en\/zimowy-rib-ride\/","og_locale":"en_US","og_type":"article","og_title":"Zimowy Rib Ride - RIBY.PL | Rejsy i przeja\u017cd\u017cki motor\u00f3wkami. Wycieczki \u0142odzi\u0105 motorow\u0105","og_description":"Zimowe rejsy motor\u00f3wkami &#8211; Extreme Rib Ride [row] [one_second_last] \u015aladem naszych s\u0105siad\u00f3w z p\u00f3\u0142nocy \u2013 Szwecji i Norwegii, oraz Wysp Brytyjskich chcemy zaproponowa\u0107 ZIMOWE, EKSTREMALNE\u00a0PRZEJA\u017bD\u017bKI MOTOR\u00d3WKAMI [\u2026]","og_url":"https:\/\/www.riby.pl\/en\/zimowy-rib-ride\/","og_site_name":"RIBY.PL | Rejsy i przeja\u017cd\u017cki motor\u00f3wkami. Wycieczki \u0142odzi\u0105 motorow\u0105","article_publisher":"https:\/\/www.facebook.com\/ribypl\/","article_modified_time":"2026-02-16T20:24:28+00:00","twitter_misc":{"Est. reading time":"1 minute"},"schema":{"@context":"https:\/\/schema.org","@graph":[{"@type":"WebPage","@id":"https:\/\/www.riby.pl\/en\/zimowy-rib-ride\/","url":"https:\/\/www.riby.pl\/en\/zimowy-rib-ride\/","name":"Zimowy Rib Ride - RIBY.PL | Rejsy i przeja\u017cd\u017cki motor\u00f3wkami. Wycieczki \u0142odzi\u0105 motorow\u0105","isPartOf":{"@id":"https:\/\/www.riby.pl\/en\/#website"},"datePublished":"2013-02-04T13:51:56+00:00","dateModified":"2026-02-16T20:24:28+00:00","breadcrumb":{"@id":"https:\/\/www.riby.pl\/en\/zimowy-rib-ride\/#breadcrumb"},"inLanguage":"en-US","potentialAction":[{"@type":"ReadAction","target":["https:\/\/www.riby.pl\/en\/zimowy-rib-ride\/"]}]},{"@type":"BreadcrumbList","@id":"https:\/\/www.riby.pl\/en\/zimowy-rib-ride\/#breadcrumb","itemListElement":[{"@type":"ListItem","position":1,"name":"Strona g\u0142\u00f3wna","item":"https:\/\/www.riby.pl\/en\/"},{"@type":"ListItem","position":2,"name":"Zimowy Rib Ride"}]},{"@type":"WebSite","@id":"https:\/\/www.riby.pl\/en\/#website","url":"https:\/\/www.riby.pl\/en\/","name":"RIBY.PL | Rejsy i przeja\u017cd\u017cki motor\u00f3wkami. Wycieczki \u0142odzi\u0105 motorow\u0105","description":"","potentialAction":[{"@type":"SearchAction","target":{"@type":"EntryPoint","urlTemplate":"https:\/\/www.riby.pl\/en\/?s={search_term_string}"},"query-input":{"@type":"PropertyValueSpecification","valueRequired":true,"valueName":"search_term_string"}}],"inLanguage":"en-US"}]}},"_links":{"self":[{"href":"https:\/\/www.riby.pl\/en\/wp-json\/wp\/v2\/pages\/2077","targetHints":{"allow":["GET"]}}],"collection":[{"href":"https:\/\/www.riby.pl\/en\/wp-json\/wp\/v2\/pages"}],"about":[{"href":"https:\/\/www.riby.pl\/en\/wp-json\/wp\/v2\/types\/page"}],"author":[{"embeddable":true,"href":"https:\/\/www.riby.pl\/en\/wp-json\/wp\/v2\/users\/1"}],"replies":[{"embeddable":true,"href":"https:\/\/www.riby.pl\/en\/wp-json\/wp\/v2\/comments?post=2077"}],"version-history":[{"count":0,"href":"https:\/\/www.riby.pl\/en\/wp-json\/wp\/v2\/pages\/2077\/revisions"}],"wp:attachment":[{"href":"https:\/\/www.riby.pl\/en\/wp-json\/wp\/v2\/media?parent=2077"}],"curies":[{"name":"wp","href":"https:\/\/api.w.org\/{rel}","templated":true}]}}