{"id":2079,"date":"2013-02-04T14:54:14","date_gmt":"2013-02-04T13:54:14","guid":{"rendered":"https:\/\/www.riby.pl\/o-nas\/"},"modified":"2017-04-27T20:38:47","modified_gmt":"2017-04-27T18:38:47","slug":"about-us","status":"publish","type":"page","link":"https:\/\/www.riby.pl\/en\/about-us\/","title":{"rendered":"o nas"},"content":{"rendered":"<p>curve down<\/p>\n<p>#2366a0<\/p>\n<p>#fff<\/p>\n<p>no-repeat;center top;;<\/p>\n<h2 style=\"color: #2366a0;\">Kilka s\u0142\u00f3w o nas&#8230;.<\/h2>\n<p>&nbsp;<\/p>\n<p style=\"text-align: justify;\"><span style=\"font-size: 14px; line-height: 25px;\"><strong>Jeste\u015bmy grup\u0105 zapale\u0144c\u00f3w<\/strong> od zawsze zapatrzonych w morze. Uwa\u017camy si\u0119 za szcz\u0119\u015bliwc\u00f3w poniewa\u017c mieszkamy nad morzem w miejscu, kt\u00f3re uwa\u017cane jest na jedno z najatrakcyjniejszych w Polsce \u2013 Tr\u00f3jmie\u015bcie.<\/span><\/p>\n<p style=\"text-align: justify;\"><span style=\"font-size: 14px; line-height: 25px;\"><br \/>\nW chwili, kiedy temperatura powietrza pozwala na przyjemne <strong>sp\u0119dzenie czasu na wodzie<\/strong>, naszym drugim domem staje si\u0119 gdy\u0144ska marina &#8211; jak dot\u0105d najlepiej przygotowane miejsce do uprawiania sport\u00f3w wodnych.<\/span><\/p>\n<p style=\"text-align: justify;\"><span style=\"font-size: 14px; line-height: 25px;\"><br \/>\nP\u0142ywanie jest dla nas pasj\u0105, kt\u00f3r\u0105 staramy si\u0119 zara\u017ca\u0107 ka\u017cd\u0105 osob\u0119 stawiaj\u0105c\u0105 nog\u0119 na naszym pok\u0142adzie. Natomiast zwiedzaj\u0105c Tr\u00f3jmiasto od strony wody rozkochujemy w nim kolejnych przyjezdnych.<\/span><\/p>\n<p style=\"text-align: justify;\"><span style=\"font-size: 14px; line-height: 25px;\"><br \/>\nDo naszej pracy wykorzystujemy <strong>motor\u00f3wki<\/strong> typu <strong>RIB<\/strong> (Rigid Inflatable Boat). S\u0105 to \u0142odzie lekkie, ale bardzo wytrzyma\u0142e i pojemne. Zbudowane s\u0105 z wytrzyma\u0142ego i wyprofilowanego kad\u0142uba oraz dmuchanych burt. Taka konstrukcja wykazuje si\u0119 ogromn\u0105 stabilno\u015bci\u0105 i wysok\u0105 dzielno\u015bci\u0105 morsk\u0105. Dmuchane burty zapewniaj\u0105 jednostce p\u0142ywalno\u015b\u0107 nawet wtedy, gdy z powodu z\u0142ych warunk\u00f3w na pok\u0142ad dostan\u0105 si\u0119 du\u017ce ilo\u015bci wody. Tego typu jednostki wykorzystywane s\u0105 przez s\u0142u\u017cby ratunkowe, policj\u0119 oraz wojsko.<\/span><\/p>\n<p style=\"text-align: justify;\"><span style=\"font-size: 14px; line-height: 25px;\"><br \/>\nMy do pracy wybrali\u015bmy motor\u00f3wki, kt\u00f3re zapewniaj\u0105 optymalne wykorzystanie przy racjonalnych kosztach. S\u0105 to jednostki o d\u0142ugo\u015bci 6-8 metr\u00f3w i silnikach 130KM, 150KM, 200KM i 225KM. Ka\u017cda wyposa\u017cona jest w wygodne i bezpieczne siedziska dla 6-9. pasa\u017cer\u00f3w. <\/span><\/p>\n<p>no-repeat;center top;;<\/p>\n<p>curve down<\/p>\n<p>#fff<\/p>\n<p>#143e70<\/p>\n<p>no-repeat;center top;;<\/p>\n<p>https:\/\/www.riby.pl\/wp-content\/uploads\/2013\/02\/o-nas.jpg<\/p>\n<p>center<\/p>\n<p>curve down<\/p>\n<p>#143e70<\/p>\n<p>#2366a0<\/p>\n","protected":false},"excerpt":{"rendered":"<p>curve down #2366a0 #fff no-repeat;center top;; Kilka s\u0142\u00f3w o nas&#8230;. &nbsp; Jeste\u015bmy grup\u0105 zapale\u0144c\u00f3w od zawsze zapatrzonych w morze. Uwa\u017camy si\u0119 za szcz\u0119\u015bliwc\u00f3w poniewa\u017c mieszkamy nad<span class=\"excerpt-hellip\"> [\u2026]<\/span><\/p>\n","protected":false},"author":1,"featured_media":0,"parent":0,"menu_order":0,"comment_status":"closed","ping_status":"open","template":"","meta":{"footnotes":""},"class_list":["post-2079","page","type-page","status-publish","hentry"],"yoast_title":"O nas | Kilka s\u0142\u00f3w o zespole RIBY.PL oraz Vision & Team","yoast_description":"O nas | Kilka s\u0142\u00f3w o zespole RIBY.PL oraz Vision & Team. Sk\u0105d si\u0119 wzi\u0119li\u015bmy, kim jeste\u015bmy, co jest nasz\u0105 pasj\u0105 i dlaczego motor\u00f3wki RIB.","yoast_keyword":"O nas","yoast_head":"<!-- This site is optimized with the Yoast SEO plugin v26.9 - https:\/\/yoast.com\/product\/yoast-seo-wordpress\/ -->\n<title>O nas | Kilka s\u0142\u00f3w o zespole RIBY.PL oraz Vision &amp; Team<\/title>\n<meta name=\"description\" content=\"O nas | Kilka s\u0142\u00f3w o zespole RIBY.PL oraz Vision &amp; Team. Sk\u0105d si\u0119 wzi\u0119li\u015bmy, kim jeste\u015bmy, co jest nasz\u0105 pasj\u0105 i dlaczego motor\u00f3wki RIB.\" \/>\n<meta name=\"robots\" content=\"index, follow, max-snippet:-1, max-image-preview:large, max-video-preview:-1\" \/>\n<link rel=\"canonical\" href=\"https:\/\/www.riby.pl\/en\/about-us\/\" \/>\n<meta property=\"og:locale\" content=\"en_US\" \/>\n<meta property=\"og:type\" content=\"article\" \/>\n<meta property=\"og:title\" content=\"O nas | Kilka s\u0142\u00f3w o zespole RIBY.PL oraz Vision &amp; Team\" \/>\n<meta property=\"og:description\" content=\"O nas | Kilka s\u0142\u00f3w o zespole RIBY.PL oraz Vision &amp; Team. Sk\u0105d si\u0119 wzi\u0119li\u015bmy, kim jeste\u015bmy, co jest nasz\u0105 pasj\u0105 i dlaczego motor\u00f3wki RIB.\" \/>\n<meta property=\"og:url\" content=\"https:\/\/www.riby.pl\/en\/about-us\/\" \/>\n<meta property=\"og:site_name\" content=\"RIBY.PL | Rejsy i przeja\u017cd\u017cki motor\u00f3wkami. Wycieczki \u0142odzi\u0105 motorow\u0105\" \/>\n<meta property=\"article:publisher\" content=\"https:\/\/www.facebook.com\/ribypl\/\" \/>\n<meta property=\"article:modified_time\" content=\"2017-04-27T18:38:47+00:00\" \/>\n<meta name=\"twitter:label1\" content=\"Est. reading time\" \/>\n\t<meta name=\"twitter:data1\" content=\"1 minute\" \/>\n<!-- \/ Yoast SEO plugin. -->","yoast_head_json":{"title":"O nas | Kilka s\u0142\u00f3w o zespole RIBY.PL oraz Vision & Team","description":"O nas | Kilka s\u0142\u00f3w o zespole RIBY.PL oraz Vision & Team. Sk\u0105d si\u0119 wzi\u0119li\u015bmy, kim jeste\u015bmy, co jest nasz\u0105 pasj\u0105 i dlaczego motor\u00f3wki RIB.","robots":{"index":"index","follow":"follow","max-snippet":"max-snippet:-1","max-image-preview":"max-image-preview:large","max-video-preview":"max-video-preview:-1"},"canonical":"https:\/\/www.riby.pl\/en\/about-us\/","og_locale":"en_US","og_type":"article","og_title":"O nas | Kilka s\u0142\u00f3w o zespole RIBY.PL oraz Vision & Team","og_description":"O nas | Kilka s\u0142\u00f3w o zespole RIBY.PL oraz Vision & Team. Sk\u0105d si\u0119 wzi\u0119li\u015bmy, kim jeste\u015bmy, co jest nasz\u0105 pasj\u0105 i dlaczego motor\u00f3wki RIB.","og_url":"https:\/\/www.riby.pl\/en\/about-us\/","og_site_name":"RIBY.PL | Rejsy i przeja\u017cd\u017cki motor\u00f3wkami. Wycieczki \u0142odzi\u0105 motorow\u0105","article_publisher":"https:\/\/www.facebook.com\/ribypl\/","article_modified_time":"2017-04-27T18:38:47+00:00","twitter_misc":{"Est. reading time":"1 minute"},"schema":{"@context":"https:\/\/schema.org","@graph":[{"@type":"WebPage","@id":"https:\/\/www.riby.pl\/en\/about-us\/","url":"https:\/\/www.riby.pl\/en\/about-us\/","name":"O nas | Kilka s\u0142\u00f3w o zespole RIBY.PL oraz Vision & Team","isPartOf":{"@id":"https:\/\/www.riby.pl\/en\/#website"},"datePublished":"2013-02-04T13:54:14+00:00","dateModified":"2017-04-27T18:38:47+00:00","description":"O nas | Kilka s\u0142\u00f3w o zespole RIBY.PL oraz Vision & Team. Sk\u0105d si\u0119 wzi\u0119li\u015bmy, kim jeste\u015bmy, co jest nasz\u0105 pasj\u0105 i dlaczego motor\u00f3wki RIB.","breadcrumb":{"@id":"https:\/\/www.riby.pl\/en\/about-us\/#breadcrumb"},"inLanguage":"en-US","potentialAction":[{"@type":"ReadAction","target":["https:\/\/www.riby.pl\/en\/about-us\/"]}]},{"@type":"BreadcrumbList","@id":"https:\/\/www.riby.pl\/en\/about-us\/#breadcrumb","itemListElement":[{"@type":"ListItem","position":1,"name":"Strona g\u0142\u00f3wna","item":"https:\/\/www.riby.pl\/en\/"},{"@type":"ListItem","position":2,"name":"o nas"}]},{"@type":"WebSite","@id":"https:\/\/www.riby.pl\/en\/#website","url":"https:\/\/www.riby.pl\/en\/","name":"RIBY.PL | Rejsy i przeja\u017cd\u017cki motor\u00f3wkami. Wycieczki \u0142odzi\u0105 motorow\u0105","description":"","potentialAction":[{"@type":"SearchAction","target":{"@type":"EntryPoint","urlTemplate":"https:\/\/www.riby.pl\/en\/?s={search_term_string}"},"query-input":{"@type":"PropertyValueSpecification","valueRequired":true,"valueName":"search_term_string"}}],"inLanguage":"en-US"}]}},"_links":{"self":[{"href":"https:\/\/www.riby.pl\/en\/wp-json\/wp\/v2\/pages\/2079","targetHints":{"allow":["GET"]}}],"collection":[{"href":"https:\/\/www.riby.pl\/en\/wp-json\/wp\/v2\/pages"}],"about":[{"href":"https:\/\/www.riby.pl\/en\/wp-json\/wp\/v2\/types\/page"}],"author":[{"embeddable":true,"href":"https:\/\/www.riby.pl\/en\/wp-json\/wp\/v2\/users\/1"}],"replies":[{"embeddable":true,"href":"https:\/\/www.riby.pl\/en\/wp-json\/wp\/v2\/comments?post=2079"}],"version-history":[{"count":0,"href":"https:\/\/www.riby.pl\/en\/wp-json\/wp\/v2\/pages\/2079\/revisions"}],"wp:attachment":[{"href":"https:\/\/www.riby.pl\/en\/wp-json\/wp\/v2\/media?parent=2079"}],"curies":[{"name":"wp","href":"https:\/\/api.w.org\/{rel}","templated":true}]}}