{"id":1930,"date":"2016-12-27T21:35:19","date_gmt":"2016-12-27T20:35:19","guid":{"rendered":"https:\/\/www.riby.pl\/?page_id=1930"},"modified":"2016-12-27T21:42:01","modified_gmt":"2016-12-27T20:42:01","slug":"1930-2","status":"publish","type":"page","link":"https:\/\/www.riby.pl\/sv\/varfor-anvander-vi-motorbaten-av-typen-rib\/1930-2\/","title":{"rendered":"Att hyra b\u00e5ten eller chartra den?"},"content":{"rendered":"<p style=\"text-align: justify;\"><img loading=\"lazy\" decoding=\"async\" class=\"alignleft size-full wp-image-1710\" style=\"margin: 20px;\" title=\"Wynajem motor\u00f3wek | czarter motor\u00f3wek\" src=\"https:\/\/www.riby.pl\/wp-content\/uploads\/2013\/02\/czarter.jpg\" alt=\"Wynajem motor\u00f3wek | czarter motor\u00f3wek\" width=\"200\" height=\"150\" srcset=\"https:\/\/www.riby.pl\/wp-content\/uploads\/2013\/02\/czarter.jpg 200w, https:\/\/www.riby.pl\/wp-content\/uploads\/2013\/02\/czarter-195x146.jpg 195w, https:\/\/www.riby.pl\/wp-content\/uploads\/2013\/02\/czarter-50x38.jpg 50w, https:\/\/www.riby.pl\/wp-content\/uploads\/2013\/02\/czarter-100x75.jpg 100w\" sizes=\"auto, (max-width:767px) 200px, 200px\" \/><\/p>\n<p><span style=\"color: #ffffff;\">Att hyra motorb\u00e5ten \/ chartra b\u00e5ten. Om vi b\u00f6rjar med att klarg\u00f6ra att uttrycket hyra en b\u00e5t, motorb\u00e5t eller segelb\u00e5t \u00e4r typisk uttryck f\u00f6r inlandssegling. P\u00e5 havet anv\u00e4nder man sig oftast av uttrycket \u201dchartra\u201d som kommer fr\u00e5n engelskan \u201dCharter\u201d, och betyder just uthyrning.<\/span><\/p>\n<p style=\"text-align: justify;\"><span style=\"color: #ffffff;\">Man kan chartra en b\u00e5t beroende p\u00e5 lagar och krav fr\u00e5n sj\u00f6fartsverket, samt tillst\u00e5nd och kvalifikationer man sj\u00e4lv har, som ger beh\u00f6righet att framf\u00f6ra olika sorters b\u00e5tar. D\u00e4r storlek och styrka eller andra aspekter kan vara avg\u00f6rande.<img loading=\"lazy\" decoding=\"async\" class=\"alignright wp-image-1760 size-medium\" src=\"https:\/\/www.riby.pl\/wp-content\/uploads\/2013\/02\/DSCF2398-300x225.jpg\" alt=\"Przygotowania do przeja\u017cd\u017cki motor\u00f3wk\u0105 RIB w Gdyni\" width=\"300\" height=\"225\" srcset=\"https:\/\/www.riby.pl\/wp-content\/uploads\/2013\/02\/DSCF2398-300x225.jpg 300w, https:\/\/www.riby.pl\/wp-content\/uploads\/2013\/02\/DSCF2398-200x150.jpg 200w, https:\/\/www.riby.pl\/wp-content\/uploads\/2013\/02\/DSCF2398-195x146.jpg 195w, https:\/\/www.riby.pl\/wp-content\/uploads\/2013\/02\/DSCF2398-50x38.jpg 50w, https:\/\/www.riby.pl\/wp-content\/uploads\/2013\/02\/DSCF2398-100x75.jpg 100w, https:\/\/www.riby.pl\/wp-content\/uploads\/2013\/02\/DSCF2398.jpg 640w\" sizes=\"auto, (max-width:767px) 300px, 300px\" \/><\/span><\/p>\n<h2 style=\"font-size: 18px; color: #ffffff; line-height: 20px;\">F\u00f6rberedelser inf\u00f6r turen med v\u00e5ra RIB motorb\u00e5tar.<\/h2>\n<p style=\"text-align: justify;\"><span style=\"color: #ffffff;\">V\u00e5rt f\u00f6retag erbjuder charter av motorb\u00e5tar av typen RIB endast med styrman och bes\u00e4ttning.<br \/>\nDetta beror p\u00e5 att v\u00e5ra b\u00e5tar \u00e4r f\u00f6rberedda f\u00f6r proffs som kan hantera motorer med v\u00e4sentligt starkare krafter! Det skulle inneb\u00e4ra alldeles f\u00f6r stora risker f\u00f6r oss att chartra b\u00e5ten utan styrman eller bes\u00e4ttning.<\/span><\/p>\n<p style=\"text-align: justify;\"><span style=\"color: #ffffff;\">Vi chartrar \/ hyr ut v\u00e5ra b\u00e5tar i minst en timme \u00e5t g\u00e5ngen. Det individuellt avtalade priset vi kommer \u00f6verens om inkluderar alltid b\u00e5ten, utrustningen, styrmannen samt br\u00e4nsle.<\/span><\/p>\n<p style=\"text-align: justify;\"><span style=\"color: #ffffff;\"><br \/>\nChartertiden b\u00f6rjar r\u00e4knas fr\u00e5n det att vi l\u00e4mnar marinan i Gdynia. Vid uthyrning utanf\u00f6r Trestaden (Tr\u00f3jmiasto), l\u00e4ggs transportkostnaden f\u00f6r utrustningen separat.<\/span><\/p>\n<p style=\"text-align: justify;\"><span style=\"color: #ffffff;\">Om ni har n\u00e5gra fr\u00e5gor \u00e4r ni v\u00e4lkomna att kontakta oss.<\/span><\/p>\n","protected":false},"excerpt":{"rendered":"<p>Att hyra motorb\u00e5ten \/ chartra b\u00e5ten. Om vi b\u00f6rjar med att klarg\u00f6ra att uttrycket hyra en b\u00e5t, motorb\u00e5t eller segelb\u00e5t \u00e4r typisk uttryck f\u00f6r inlandssegling. P\u00e5<span class=\"excerpt-hellip\"> [\u2026]<\/span><\/p>\n","protected":false},"author":1,"featured_media":0,"parent":1923,"menu_order":0,"comment_status":"closed","ping_status":"open","template":"","meta":{"footnotes":""},"class_list":["post-1930","page","type-page","status-publish","hentry"],"yoast_title":"","yoast_description":"","yoast_keyword":"","yoast_head":"<!-- This site is optimized with the Yoast SEO plugin v26.9 - https:\/\/yoast.com\/product\/yoast-seo-wordpress\/ -->\n<title>Att hyra b\u00e5ten eller chartra den? - RIBY.PL | Rejsy i przeja\u017cd\u017cki motor\u00f3wkami. Wycieczki \u0142odzi\u0105 motorow\u0105<\/title>\n<meta name=\"robots\" content=\"index, follow, max-snippet:-1, max-image-preview:large, max-video-preview:-1\" \/>\n<link rel=\"canonical\" href=\"https:\/\/www.riby.pl\/sv\/varfor-anvander-vi-motorbaten-av-typen-rib\/1930-2\/\" \/>\n<meta property=\"og:locale\" content=\"sv_SE\" \/>\n<meta property=\"og:type\" content=\"article\" \/>\n<meta property=\"og:title\" content=\"Att hyra b\u00e5ten eller chartra den? - RIBY.PL | Rejsy i przeja\u017cd\u017cki motor\u00f3wkami. Wycieczki \u0142odzi\u0105 motorow\u0105\" \/>\n<meta property=\"og:description\" content=\"Att hyra motorb\u00e5ten \/ chartra b\u00e5ten. Om vi b\u00f6rjar med att klarg\u00f6ra att uttrycket hyra en b\u00e5t, motorb\u00e5t eller segelb\u00e5t \u00e4r typisk uttryck f\u00f6r inlandssegling. P\u00e5 [\u2026]\" \/>\n<meta property=\"og:url\" content=\"https:\/\/www.riby.pl\/sv\/varfor-anvander-vi-motorbaten-av-typen-rib\/1930-2\/\" \/>\n<meta property=\"og:site_name\" content=\"RIBY.PL | Rejsy i przeja\u017cd\u017cki motor\u00f3wkami. Wycieczki \u0142odzi\u0105 motorow\u0105\" \/>\n<meta property=\"article:publisher\" content=\"https:\/\/www.facebook.com\/ribypl\/\" \/>\n<meta property=\"article:modified_time\" content=\"2016-12-27T20:42:01+00:00\" \/>\n<meta property=\"og:image\" content=\"https:\/\/www.riby.pl\/wp-content\/uploads\/2013\/02\/czarter.jpg\" \/>\n<meta name=\"twitter:label1\" content=\"Ber\u00e4knad l\u00e4stid\" \/>\n\t<meta name=\"twitter:data1\" content=\"1 minut\" \/>\n<!-- \/ Yoast SEO plugin. -->","yoast_head_json":{"title":"Att hyra b\u00e5ten eller chartra den? - RIBY.PL | Rejsy i przeja\u017cd\u017cki motor\u00f3wkami. Wycieczki \u0142odzi\u0105 motorow\u0105","robots":{"index":"index","follow":"follow","max-snippet":"max-snippet:-1","max-image-preview":"max-image-preview:large","max-video-preview":"max-video-preview:-1"},"canonical":"https:\/\/www.riby.pl\/sv\/varfor-anvander-vi-motorbaten-av-typen-rib\/1930-2\/","og_locale":"sv_SE","og_type":"article","og_title":"Att hyra b\u00e5ten eller chartra den? - RIBY.PL | Rejsy i przeja\u017cd\u017cki motor\u00f3wkami. Wycieczki \u0142odzi\u0105 motorow\u0105","og_description":"Att hyra motorb\u00e5ten \/ chartra b\u00e5ten. Om vi b\u00f6rjar med att klarg\u00f6ra att uttrycket hyra en b\u00e5t, motorb\u00e5t eller segelb\u00e5t \u00e4r typisk uttryck f\u00f6r inlandssegling. P\u00e5 [\u2026]","og_url":"https:\/\/www.riby.pl\/sv\/varfor-anvander-vi-motorbaten-av-typen-rib\/1930-2\/","og_site_name":"RIBY.PL | Rejsy i przeja\u017cd\u017cki motor\u00f3wkami. Wycieczki \u0142odzi\u0105 motorow\u0105","article_publisher":"https:\/\/www.facebook.com\/ribypl\/","article_modified_time":"2016-12-27T20:42:01+00:00","og_image":[{"url":"https:\/\/www.riby.pl\/wp-content\/uploads\/2013\/02\/czarter.jpg","type":"","width":"","height":""}],"twitter_misc":{"Ber\u00e4knad l\u00e4stid":"1 minut"},"schema":{"@context":"https:\/\/schema.org","@graph":[{"@type":"WebPage","@id":"https:\/\/www.riby.pl\/sv\/varfor-anvander-vi-motorbaten-av-typen-rib\/1930-2\/","url":"https:\/\/www.riby.pl\/sv\/varfor-anvander-vi-motorbaten-av-typen-rib\/1930-2\/","name":"Att hyra b\u00e5ten eller chartra den? - RIBY.PL | Rejsy i przeja\u017cd\u017cki motor\u00f3wkami. Wycieczki \u0142odzi\u0105 motorow\u0105","isPartOf":{"@id":"https:\/\/www.riby.pl\/sv\/#website"},"primaryImageOfPage":{"@id":"https:\/\/www.riby.pl\/sv\/varfor-anvander-vi-motorbaten-av-typen-rib\/1930-2\/#primaryimage"},"image":{"@id":"https:\/\/www.riby.pl\/sv\/varfor-anvander-vi-motorbaten-av-typen-rib\/1930-2\/#primaryimage"},"thumbnailUrl":"https:\/\/www.riby.pl\/wp-content\/uploads\/2013\/02\/czarter.jpg","datePublished":"2016-12-27T20:35:19+00:00","dateModified":"2016-12-27T20:42:01+00:00","breadcrumb":{"@id":"https:\/\/www.riby.pl\/sv\/varfor-anvander-vi-motorbaten-av-typen-rib\/1930-2\/#breadcrumb"},"inLanguage":"sv-SE","potentialAction":[{"@type":"ReadAction","target":["https:\/\/www.riby.pl\/sv\/varfor-anvander-vi-motorbaten-av-typen-rib\/1930-2\/"]}]},{"@type":"ImageObject","inLanguage":"sv-SE","@id":"https:\/\/www.riby.pl\/sv\/varfor-anvander-vi-motorbaten-av-typen-rib\/1930-2\/#primaryimage","url":"https:\/\/www.riby.pl\/wp-content\/uploads\/2013\/02\/czarter.jpg","contentUrl":"https:\/\/www.riby.pl\/wp-content\/uploads\/2013\/02\/czarter.jpg"},{"@type":"BreadcrumbList","@id":"https:\/\/www.riby.pl\/sv\/varfor-anvander-vi-motorbaten-av-typen-rib\/1930-2\/#breadcrumb","itemListElement":[{"@type":"ListItem","position":1,"name":"Strona g\u0142\u00f3wna","item":"https:\/\/www.riby.pl\/sv\/"},{"@type":"ListItem","position":2,"name":"Varf\u00f6r anv\u00e4nder vi motorb\u00e5ten av typen RIB","item":"https:\/\/www.riby.pl\/sv\/varfor-anvander-vi-motorbaten-av-typen-rib\/"},{"@type":"ListItem","position":3,"name":"Att hyra b\u00e5ten eller chartra den?"}]},{"@type":"WebSite","@id":"https:\/\/www.riby.pl\/sv\/#website","url":"https:\/\/www.riby.pl\/sv\/","name":"RIBY.PL | Rejsy i przeja\u017cd\u017cki motor\u00f3wkami. Wycieczki \u0142odzi\u0105 motorow\u0105","description":"","potentialAction":[{"@type":"SearchAction","target":{"@type":"EntryPoint","urlTemplate":"https:\/\/www.riby.pl\/sv\/?s={search_term_string}"},"query-input":{"@type":"PropertyValueSpecification","valueRequired":true,"valueName":"search_term_string"}}],"inLanguage":"sv-SE"}]}},"_links":{"self":[{"href":"https:\/\/www.riby.pl\/sv\/wp-json\/wp\/v2\/pages\/1930","targetHints":{"allow":["GET"]}}],"collection":[{"href":"https:\/\/www.riby.pl\/sv\/wp-json\/wp\/v2\/pages"}],"about":[{"href":"https:\/\/www.riby.pl\/sv\/wp-json\/wp\/v2\/types\/page"}],"author":[{"embeddable":true,"href":"https:\/\/www.riby.pl\/sv\/wp-json\/wp\/v2\/users\/1"}],"replies":[{"embeddable":true,"href":"https:\/\/www.riby.pl\/sv\/wp-json\/wp\/v2\/comments?post=1930"}],"version-history":[{"count":0,"href":"https:\/\/www.riby.pl\/sv\/wp-json\/wp\/v2\/pages\/1930\/revisions"}],"up":[{"embeddable":true,"href":"https:\/\/www.riby.pl\/sv\/wp-json\/wp\/v2\/pages\/1923"}],"wp:attachment":[{"href":"https:\/\/www.riby.pl\/sv\/wp-json\/wp\/v2\/media?parent=1930"}],"curies":[{"name":"wp","href":"https:\/\/api.w.org\/{rel}","templated":true}]}}