{"id":1964,"date":"2016-12-28T21:03:18","date_gmt":"2016-12-28T20:03:18","guid":{"rendered":"https:\/\/www.riby.pl\/?page_id=1964"},"modified":"2017-01-12T08:38:42","modified_gmt":"2017-01-12T07:38:42","slug":"flyttande-billboard-reklamskyltar","status":"publish","type":"page","link":"https:\/\/www.riby.pl\/sv\/flyttande-billboard-reklamskyltar\/","title":{"rendered":"Flyttande billboard &#8211; reklamskyltar"},"content":{"rendered":"","protected":false},"excerpt":{"rendered":"","protected":false},"author":1,"featured_media":0,"parent":0,"menu_order":0,"comment_status":"closed","ping_status":"open","template":"","meta":{"footnotes":""},"class_list":["post-1964","page","type-page","status-publish","hentry"],"yoast_title":"","yoast_description":"","yoast_keyword":"","yoast_head":"<!-- This site is optimized with the Yoast SEO plugin v26.9 - https:\/\/yoast.com\/product\/yoast-seo-wordpress\/ -->\n<title>Flyttande billboard - reklamskyltar - RIBY.PL | Rejsy i przeja\u017cd\u017cki motor\u00f3wkami. Wycieczki \u0142odzi\u0105 motorow\u0105<\/title>\n<meta name=\"robots\" content=\"index, follow, max-snippet:-1, max-image-preview:large, max-video-preview:-1\" \/>\n<link rel=\"canonical\" href=\"https:\/\/www.riby.pl\/sv\/flyttande-billboard-reklamskyltar\/\" \/>\n<meta property=\"og:locale\" content=\"sv_SE\" \/>\n<meta property=\"og:type\" content=\"article\" \/>\n<meta property=\"og:title\" content=\"Flyttande billboard - reklamskyltar - RIBY.PL | Rejsy i przeja\u017cd\u017cki motor\u00f3wkami. Wycieczki \u0142odzi\u0105 motorow\u0105\" \/>\n<meta property=\"og:url\" content=\"https:\/\/www.riby.pl\/sv\/flyttande-billboard-reklamskyltar\/\" \/>\n<meta property=\"og:site_name\" content=\"RIBY.PL | Rejsy i przeja\u017cd\u017cki motor\u00f3wkami. Wycieczki \u0142odzi\u0105 motorow\u0105\" \/>\n<meta property=\"article:publisher\" content=\"https:\/\/www.facebook.com\/ribypl\/\" \/>\n<meta property=\"article:modified_time\" content=\"2017-01-12T07:38:42+00:00\" \/>\n<!-- \/ Yoast SEO plugin. -->","yoast_head_json":{"title":"Flyttande billboard - reklamskyltar - RIBY.PL | Rejsy i przeja\u017cd\u017cki motor\u00f3wkami. Wycieczki \u0142odzi\u0105 motorow\u0105","robots":{"index":"index","follow":"follow","max-snippet":"max-snippet:-1","max-image-preview":"max-image-preview:large","max-video-preview":"max-video-preview:-1"},"canonical":"https:\/\/www.riby.pl\/sv\/flyttande-billboard-reklamskyltar\/","og_locale":"sv_SE","og_type":"article","og_title":"Flyttande billboard - reklamskyltar - RIBY.PL | Rejsy i przeja\u017cd\u017cki motor\u00f3wkami. Wycieczki \u0142odzi\u0105 motorow\u0105","og_url":"https:\/\/www.riby.pl\/sv\/flyttande-billboard-reklamskyltar\/","og_site_name":"RIBY.PL | Rejsy i przeja\u017cd\u017cki motor\u00f3wkami. Wycieczki \u0142odzi\u0105 motorow\u0105","article_publisher":"https:\/\/www.facebook.com\/ribypl\/","article_modified_time":"2017-01-12T07:38:42+00:00","schema":{"@context":"https:\/\/schema.org","@graph":[{"@type":"WebPage","@id":"https:\/\/www.riby.pl\/sv\/flyttande-billboard-reklamskyltar\/","url":"https:\/\/www.riby.pl\/sv\/flyttande-billboard-reklamskyltar\/","name":"Flyttande billboard - reklamskyltar - RIBY.PL | Rejsy i przeja\u017cd\u017cki motor\u00f3wkami. Wycieczki \u0142odzi\u0105 motorow\u0105","isPartOf":{"@id":"https:\/\/www.riby.pl\/sv\/#website"},"datePublished":"2016-12-28T20:03:18+00:00","dateModified":"2017-01-12T07:38:42+00:00","breadcrumb":{"@id":"https:\/\/www.riby.pl\/sv\/flyttande-billboard-reklamskyltar\/#breadcrumb"},"inLanguage":"sv-SE","potentialAction":[{"@type":"ReadAction","target":["https:\/\/www.riby.pl\/sv\/flyttande-billboard-reklamskyltar\/"]}]},{"@type":"BreadcrumbList","@id":"https:\/\/www.riby.pl\/sv\/flyttande-billboard-reklamskyltar\/#breadcrumb","itemListElement":[{"@type":"ListItem","position":1,"name":"Strona g\u0142\u00f3wna","item":"https:\/\/www.riby.pl\/sv\/"},{"@type":"ListItem","position":2,"name":"Flyttande billboard &#8211; reklamskyltar"}]},{"@type":"WebSite","@id":"https:\/\/www.riby.pl\/sv\/#website","url":"https:\/\/www.riby.pl\/sv\/","name":"RIBY.PL | Rejsy i przeja\u017cd\u017cki motor\u00f3wkami. Wycieczki \u0142odzi\u0105 motorow\u0105","description":"","potentialAction":[{"@type":"SearchAction","target":{"@type":"EntryPoint","urlTemplate":"https:\/\/www.riby.pl\/sv\/?s={search_term_string}"},"query-input":{"@type":"PropertyValueSpecification","valueRequired":true,"valueName":"search_term_string"}}],"inLanguage":"sv-SE"}]}},"_links":{"self":[{"href":"https:\/\/www.riby.pl\/sv\/wp-json\/wp\/v2\/pages\/1964","targetHints":{"allow":["GET"]}}],"collection":[{"href":"https:\/\/www.riby.pl\/sv\/wp-json\/wp\/v2\/pages"}],"about":[{"href":"https:\/\/www.riby.pl\/sv\/wp-json\/wp\/v2\/types\/page"}],"author":[{"embeddable":true,"href":"https:\/\/www.riby.pl\/sv\/wp-json\/wp\/v2\/users\/1"}],"replies":[{"embeddable":true,"href":"https:\/\/www.riby.pl\/sv\/wp-json\/wp\/v2\/comments?post=1964"}],"version-history":[{"count":0,"href":"https:\/\/www.riby.pl\/sv\/wp-json\/wp\/v2\/pages\/1964\/revisions"}],"wp:attachment":[{"href":"https:\/\/www.riby.pl\/sv\/wp-json\/wp\/v2\/media?parent=1964"}],"curies":[{"name":"wp","href":"https:\/\/api.w.org\/{rel}","templated":true}]}}